{"id":8091,"date":"2025-03-24T08:31:02","date_gmt":"2025-03-24T08:31:02","guid":{"rendered":"https:\/\/kemoplastika.hr\/?post_type=product&#038;p=8091"},"modified":"2025-03-31T06:43:47","modified_gmt":"2025-03-31T06:43:47","slug":"abrazivna-pasta-za-pranje-ruku","status":"publish","type":"product","link":"https:\/\/kemoplastika.hr\/index.php\/product\/abrazivna-pasta-za-pranje-ruku\/","title":{"rendered":"Abrazivna pasta za pranje ruku"},"content":{"rendered":"<p>Abrazivna pasta za pranje ruku s mirisom maline idealna je za temeljito \u010di\u0161\u0107enje ruku u industriji, radionicama i ku\u0107anstvu. U\u010dinkovito uklanja prljav\u0161tinu poput ulja, masti, katrana, nafte, grafita, \u010da\u0111i i metalne pra\u0161ine. Ima ugodan miris, nje\u017ena je za ko\u017eu i ne isu\u0161uje je. Dermatolo\u0161ki je testirana i ima neutralni pH.<\/p>\n","protected":false},"excerpt":{"rendered":"<p>Abrazivna pasta za pranje ruku s mirisom maline idealna je za temeljito \u010di\u0161\u0107enje ruku u industriji, radionicama i ku\u0107anstvu. U\u010dinkovito uklanja prljav\u0161tinu poput ulja, masti, katrana, nafte, grafita, \u010da\u0111i i metalne pra\u0161ine. Ima ugodan miris, nje\u017ena je za ko\u017eu i ne isu\u0161uje je. Dermatolo\u0161ki je testirana i ima neutralni pH.<\/p>\n","protected":false},"featured_media":8156,"comment_status":"open","ping_status":"closed","template":"","meta":[],"etheme_brands":[],"product_brand":[],"product_cat":[22,15],"product_tag":[61,62],"class_list":{"0":"post-8091","1":"product","2":"type-product","3":"status-publish","4":"has-post-thumbnail","6":"product_cat-ciscenje-i-odrzavanje","7":"product_cat-istaknuto","8":"product_tag-ciscenje","9":"product_tag-pranje","11":"first","12":"instock","13":"shipping-taxable","14":"purchasable","15":"product-type-simple"},"yoast_head":"<!-- This site is optimized with the Yoast SEO plugin v27.5 - https:\/\/yoast.com\/product\/yoast-seo-wordpress\/ -->\n<title>Abrazivna pasta za pranje ruku - Kemoplastika<\/title>\n<meta name=\"robots\" content=\"index, follow, max-snippet:-1, max-image-preview:large, max-video-preview:-1\" \/>\n<link rel=\"canonical\" href=\"https:\/\/kemoplastika.hr\/index.php\/product\/abrazivna-pasta-za-pranje-ruku\/\" \/>\n<meta property=\"og:locale\" content=\"hr_HR\" \/>\n<meta property=\"og:type\" content=\"article\" \/>\n<meta property=\"og:title\" content=\"Abrazivna pasta za pranje ruku - Kemoplastika\" \/>\n<meta property=\"og:description\" content=\"Abrazivna pasta za pranje ruku s mirisom maline idealna je za temeljito \u010di\u0161\u0107enje ruku u industriji, radionicama i ku\u0107anstvu. U\u010dinkovito uklanja prljav\u0161tinu poput ulja, masti, katrana, nafte, grafita, \u010da\u0111i i metalne pra\u0161ine. Ima ugodan miris, nje\u017ena je za ko\u017eu i ne isu\u0161uje je. Dermatolo\u0161ki je testirana i ima neutralni pH.\" \/>\n<meta property=\"og:url\" content=\"https:\/\/kemoplastika.hr\/index.php\/product\/abrazivna-pasta-za-pranje-ruku\/\" \/>\n<meta property=\"og:site_name\" content=\"Kemoplastika\" \/>\n<meta property=\"article:publisher\" content=\"https:\/\/www.facebook.com\/profile.php?id=61559590600523\" \/>\n<meta property=\"article:modified_time\" content=\"2025-03-31T06:43:47+00:00\" \/>\n<meta property=\"og:image\" content=\"https:\/\/kemoplastika.hr\/wp-content\/uploads\/2025\/03\/Abrazivna-pasta-za-pranje-ruku-WEB.jpg\" \/>\n\t<meta property=\"og:image:width\" content=\"1000\" \/>\n\t<meta property=\"og:image:height\" content=\"788\" \/>\n\t<meta property=\"og:image:type\" content=\"image\/jpeg\" \/>\n<meta name=\"twitter:card\" content=\"summary_large_image\" \/>\n<script type=\"application\/ld+json\" class=\"yoast-schema-graph\">{\"@context\":\"https:\\\/\\\/schema.org\",\"@graph\":[{\"@type\":\"WebPage\",\"@id\":\"https:\\\/\\\/kemoplastika.hr\\\/index.php\\\/product\\\/abrazivna-pasta-za-pranje-ruku\\\/\",\"url\":\"https:\\\/\\\/kemoplastika.hr\\\/index.php\\\/product\\\/abrazivna-pasta-za-pranje-ruku\\\/\",\"name\":\"Abrazivna pasta za pranje ruku - Kemoplastika\",\"isPartOf\":{\"@id\":\"https:\\\/\\\/kemoplastika.hr\\\/#website\"},\"primaryImageOfPage\":{\"@id\":\"https:\\\/\\\/kemoplastika.hr\\\/index.php\\\/product\\\/abrazivna-pasta-za-pranje-ruku\\\/#primaryimage\"},\"image\":{\"@id\":\"https:\\\/\\\/kemoplastika.hr\\\/index.php\\\/product\\\/abrazivna-pasta-za-pranje-ruku\\\/#primaryimage\"},\"thumbnailUrl\":\"https:\\\/\\\/kemoplastika.hr\\\/wp-content\\\/uploads\\\/2025\\\/03\\\/Abrazivna-pasta-za-pranje-ruku-WEB.jpg\",\"datePublished\":\"2025-03-24T08:31:02+00:00\",\"dateModified\":\"2025-03-31T06:43:47+00:00\",\"breadcrumb\":{\"@id\":\"https:\\\/\\\/kemoplastika.hr\\\/index.php\\\/product\\\/abrazivna-pasta-za-pranje-ruku\\\/#breadcrumb\"},\"inLanguage\":\"hr\",\"potentialAction\":[{\"@type\":\"ReadAction\",\"target\":[\"https:\\\/\\\/kemoplastika.hr\\\/index.php\\\/product\\\/abrazivna-pasta-za-pranje-ruku\\\/\"]}]},{\"@type\":\"ImageObject\",\"inLanguage\":\"hr\",\"@id\":\"https:\\\/\\\/kemoplastika.hr\\\/index.php\\\/product\\\/abrazivna-pasta-za-pranje-ruku\\\/#primaryimage\",\"url\":\"https:\\\/\\\/kemoplastika.hr\\\/wp-content\\\/uploads\\\/2025\\\/03\\\/Abrazivna-pasta-za-pranje-ruku-WEB.jpg\",\"contentUrl\":\"https:\\\/\\\/kemoplastika.hr\\\/wp-content\\\/uploads\\\/2025\\\/03\\\/Abrazivna-pasta-za-pranje-ruku-WEB.jpg\",\"width\":1000,\"height\":788},{\"@type\":\"BreadcrumbList\",\"@id\":\"https:\\\/\\\/kemoplastika.hr\\\/index.php\\\/product\\\/abrazivna-pasta-za-pranje-ruku\\\/#breadcrumb\",\"itemListElement\":[{\"@type\":\"ListItem\",\"position\":1,\"name\":\"Po\u010detna stranica\",\"item\":\"https:\\\/\\\/kemoplastika.hr\\\/\"},{\"@type\":\"ListItem\",\"position\":2,\"name\":\"Trgovina\",\"item\":\"https:\\\/\\\/kemoplastika.hr\\\/index.php\\\/trgovina\\\/\"},{\"@type\":\"ListItem\",\"position\":3,\"name\":\"Abrazivna pasta za pranje ruku\"}]},{\"@type\":\"WebSite\",\"@id\":\"https:\\\/\\\/kemoplastika.hr\\\/#website\",\"url\":\"https:\\\/\\\/kemoplastika.hr\\\/\",\"name\":\"Kemoplastika\",\"description\":\"Dezinfekcija, gradnja, auto-moto, \u010di\u0161\u0107enje, ambala\u017ea\",\"publisher\":{\"@id\":\"https:\\\/\\\/kemoplastika.hr\\\/#organization\"},\"potentialAction\":[{\"@type\":\"SearchAction\",\"target\":{\"@type\":\"EntryPoint\",\"urlTemplate\":\"https:\\\/\\\/kemoplastika.hr\\\/?s={search_term_string}\"},\"query-input\":{\"@type\":\"PropertyValueSpecification\",\"valueRequired\":true,\"valueName\":\"search_term_string\"}}],\"inLanguage\":\"hr\"},{\"@type\":\"Organization\",\"@id\":\"https:\\\/\\\/kemoplastika.hr\\\/#organization\",\"name\":\"Kemoplastika\",\"url\":\"https:\\\/\\\/kemoplastika.hr\\\/\",\"logo\":{\"@type\":\"ImageObject\",\"inLanguage\":\"hr\",\"@id\":\"https:\\\/\\\/kemoplastika.hr\\\/#\\\/schema\\\/logo\\\/image\\\/\",\"url\":\"https:\\\/\\\/kemoplastika.hr\\\/wp-content\\\/uploads\\\/2025\\\/09\\\/logo.svg\",\"contentUrl\":\"https:\\\/\\\/kemoplastika.hr\\\/wp-content\\\/uploads\\\/2025\\\/09\\\/logo.svg\",\"width\":100,\"height\":100,\"caption\":\"Kemoplastika\"},\"image\":{\"@id\":\"https:\\\/\\\/kemoplastika.hr\\\/#\\\/schema\\\/logo\\\/image\\\/\"},\"sameAs\":[\"https:\\\/\\\/www.facebook.com\\\/profile.php?id=61559590600523\"]}]}<\/script>\n<!-- \/ Yoast SEO plugin. -->","yoast_head_json":{"title":"Abrazivna pasta za pranje ruku - Kemoplastika","robots":{"index":"index","follow":"follow","max-snippet":"max-snippet:-1","max-image-preview":"max-image-preview:large","max-video-preview":"max-video-preview:-1"},"canonical":"https:\/\/kemoplastika.hr\/index.php\/product\/abrazivna-pasta-za-pranje-ruku\/","og_locale":"hr_HR","og_type":"article","og_title":"Abrazivna pasta za pranje ruku - Kemoplastika","og_description":"Abrazivna pasta za pranje ruku s mirisom maline idealna je za temeljito \u010di\u0161\u0107enje ruku u industriji, radionicama i ku\u0107anstvu. U\u010dinkovito uklanja prljav\u0161tinu poput ulja, masti, katrana, nafte, grafita, \u010da\u0111i i metalne pra\u0161ine. Ima ugodan miris, nje\u017ena je za ko\u017eu i ne isu\u0161uje je. Dermatolo\u0161ki je testirana i ima neutralni pH.","og_url":"https:\/\/kemoplastika.hr\/index.php\/product\/abrazivna-pasta-za-pranje-ruku\/","og_site_name":"Kemoplastika","article_publisher":"https:\/\/www.facebook.com\/profile.php?id=61559590600523","article_modified_time":"2025-03-31T06:43:47+00:00","og_image":[{"width":1000,"height":788,"url":"https:\/\/kemoplastika.hr\/wp-content\/uploads\/2025\/03\/Abrazivna-pasta-za-pranje-ruku-WEB.jpg","type":"image\/jpeg"}],"twitter_card":"summary_large_image","schema":{"@context":"https:\/\/schema.org","@graph":[{"@type":"WebPage","@id":"https:\/\/kemoplastika.hr\/index.php\/product\/abrazivna-pasta-za-pranje-ruku\/","url":"https:\/\/kemoplastika.hr\/index.php\/product\/abrazivna-pasta-za-pranje-ruku\/","name":"Abrazivna pasta za pranje ruku - Kemoplastika","isPartOf":{"@id":"https:\/\/kemoplastika.hr\/#website"},"primaryImageOfPage":{"@id":"https:\/\/kemoplastika.hr\/index.php\/product\/abrazivna-pasta-za-pranje-ruku\/#primaryimage"},"image":{"@id":"https:\/\/kemoplastika.hr\/index.php\/product\/abrazivna-pasta-za-pranje-ruku\/#primaryimage"},"thumbnailUrl":"https:\/\/kemoplastika.hr\/wp-content\/uploads\/2025\/03\/Abrazivna-pasta-za-pranje-ruku-WEB.jpg","datePublished":"2025-03-24T08:31:02+00:00","dateModified":"2025-03-31T06:43:47+00:00","breadcrumb":{"@id":"https:\/\/kemoplastika.hr\/index.php\/product\/abrazivna-pasta-za-pranje-ruku\/#breadcrumb"},"inLanguage":"hr","potentialAction":[{"@type":"ReadAction","target":["https:\/\/kemoplastika.hr\/index.php\/product\/abrazivna-pasta-za-pranje-ruku\/"]}]},{"@type":"ImageObject","inLanguage":"hr","@id":"https:\/\/kemoplastika.hr\/index.php\/product\/abrazivna-pasta-za-pranje-ruku\/#primaryimage","url":"https:\/\/kemoplastika.hr\/wp-content\/uploads\/2025\/03\/Abrazivna-pasta-za-pranje-ruku-WEB.jpg","contentUrl":"https:\/\/kemoplastika.hr\/wp-content\/uploads\/2025\/03\/Abrazivna-pasta-za-pranje-ruku-WEB.jpg","width":1000,"height":788},{"@type":"BreadcrumbList","@id":"https:\/\/kemoplastika.hr\/index.php\/product\/abrazivna-pasta-za-pranje-ruku\/#breadcrumb","itemListElement":[{"@type":"ListItem","position":1,"name":"Po\u010detna stranica","item":"https:\/\/kemoplastika.hr\/"},{"@type":"ListItem","position":2,"name":"Trgovina","item":"https:\/\/kemoplastika.hr\/index.php\/trgovina\/"},{"@type":"ListItem","position":3,"name":"Abrazivna pasta za pranje ruku"}]},{"@type":"WebSite","@id":"https:\/\/kemoplastika.hr\/#website","url":"https:\/\/kemoplastika.hr\/","name":"Kemoplastika","description":"Dezinfekcija, gradnja, auto-moto, \u010di\u0161\u0107enje, ambala\u017ea","publisher":{"@id":"https:\/\/kemoplastika.hr\/#organization"},"potentialAction":[{"@type":"SearchAction","target":{"@type":"EntryPoint","urlTemplate":"https:\/\/kemoplastika.hr\/?s={search_term_string}"},"query-input":{"@type":"PropertyValueSpecification","valueRequired":true,"valueName":"search_term_string"}}],"inLanguage":"hr"},{"@type":"Organization","@id":"https:\/\/kemoplastika.hr\/#organization","name":"Kemoplastika","url":"https:\/\/kemoplastika.hr\/","logo":{"@type":"ImageObject","inLanguage":"hr","@id":"https:\/\/kemoplastika.hr\/#\/schema\/logo\/image\/","url":"https:\/\/kemoplastika.hr\/wp-content\/uploads\/2025\/09\/logo.svg","contentUrl":"https:\/\/kemoplastika.hr\/wp-content\/uploads\/2025\/09\/logo.svg","width":100,"height":100,"caption":"Kemoplastika"},"image":{"@id":"https:\/\/kemoplastika.hr\/#\/schema\/logo\/image\/"},"sameAs":["https:\/\/www.facebook.com\/profile.php?id=61559590600523"]}]}},"_links":{"self":[{"href":"https:\/\/kemoplastika.hr\/index.php\/wp-json\/wp\/v2\/product\/8091","targetHints":{"allow":["GET"]}}],"collection":[{"href":"https:\/\/kemoplastika.hr\/index.php\/wp-json\/wp\/v2\/product"}],"about":[{"href":"https:\/\/kemoplastika.hr\/index.php\/wp-json\/wp\/v2\/types\/product"}],"replies":[{"embeddable":true,"href":"https:\/\/kemoplastika.hr\/index.php\/wp-json\/wp\/v2\/comments?post=8091"}],"version-history":[{"count":3,"href":"https:\/\/kemoplastika.hr\/index.php\/wp-json\/wp\/v2\/product\/8091\/revisions"}],"predecessor-version":[{"id":8134,"href":"https:\/\/kemoplastika.hr\/index.php\/wp-json\/wp\/v2\/product\/8091\/revisions\/8134"}],"wp:featuredmedia":[{"embeddable":true,"href":"https:\/\/kemoplastika.hr\/index.php\/wp-json\/wp\/v2\/media\/8156"}],"wp:attachment":[{"href":"https:\/\/kemoplastika.hr\/index.php\/wp-json\/wp\/v2\/media?parent=8091"}],"wp:term":[{"taxonomy":"brand","embeddable":true,"href":"https:\/\/kemoplastika.hr\/index.php\/wp-json\/wp\/v2\/etheme_brands?post=8091"},{"taxonomy":"product_brand","embeddable":true,"href":"https:\/\/kemoplastika.hr\/index.php\/wp-json\/wp\/v2\/product_brand?post=8091"},{"taxonomy":"product_cat","embeddable":true,"href":"https:\/\/kemoplastika.hr\/index.php\/wp-json\/wp\/v2\/product_cat?post=8091"},{"taxonomy":"product_tag","embeddable":true,"href":"https:\/\/kemoplastika.hr\/index.php\/wp-json\/wp\/v2\/product_tag?post=8091"}],"curies":[{"name":"wp","href":"https:\/\/api.w.org\/{rel}","templated":true}]}}