{"id":7987,"date":"2025-01-15T08:33:34","date_gmt":"2025-01-15T08:33:34","guid":{"rendered":"https:\/\/kemoplastika.hr\/?post_type=product&#038;p=7987"},"modified":"2025-01-15T08:50:34","modified_gmt":"2025-01-15T08:50:34","slug":"rasprsivac","status":"publish","type":"product","link":"https:\/\/kemoplastika.hr\/index.php\/product\/rasprsivac\/","title":{"rendered":"Raspr\u0161iva\u010d"},"content":{"rendered":"<p><strong>Veli\u010dina vrata:<\/strong> 28\/410<\/p>\n<p>Omogu\u0107ava ravnomjerno prskanje teku\u0107ine u obliku sitnih kapljica. Koristi se za razli\u010dite svrhe, uklju\u010duju\u0107i \u010di\u0161\u0107enje, raspr\u0161ivanje mirisa, i sl.<\/p>\n","protected":false},"excerpt":{"rendered":"<p>Veli\u010dina vrata: 28\/410 Omogu\u0107ava ravnomjerno prskanje teku\u0107ine u obliku sitnih kapljica. Koristi se za razli\u010dite svrhe, uklju\u010duju\u0107i \u010di\u0161\u0107enje, raspr\u0161ivanje mirisa, i sl.<\/p>\n","protected":false},"featured_media":7988,"comment_status":"open","ping_status":"closed","template":"","meta":[],"etheme_brands":[],"product_brand":[],"product_cat":[32],"product_tag":[],"class_list":{"0":"post-7987","1":"product","2":"type-product","3":"status-publish","4":"has-post-thumbnail","6":"product_cat-plasticna-ambalaza","8":"first","9":"instock","10":"shipping-taxable","11":"purchasable","12":"product-type-simple"},"yoast_head":"<!-- This site is optimized with the Yoast SEO plugin v27.5 - https:\/\/yoast.com\/product\/yoast-seo-wordpress\/ -->\n<title>Raspr\u0161iva\u010d - Kemoplastika<\/title>\n<meta name=\"robots\" content=\"index, follow, max-snippet:-1, max-image-preview:large, max-video-preview:-1\" \/>\n<link rel=\"canonical\" href=\"https:\/\/kemoplastika.hr\/index.php\/product\/rasprsivac\/\" \/>\n<meta property=\"og:locale\" content=\"hr_HR\" \/>\n<meta property=\"og:type\" content=\"article\" \/>\n<meta property=\"og:title\" content=\"Raspr\u0161iva\u010d - Kemoplastika\" \/>\n<meta property=\"og:description\" content=\"Veli\u010dina vrata: 28\/410 Omogu\u0107ava ravnomjerno prskanje teku\u0107ine u obliku sitnih kapljica. Koristi se za razli\u010dite svrhe, uklju\u010duju\u0107i \u010di\u0161\u0107enje, raspr\u0161ivanje mirisa, i sl.\" \/>\n<meta property=\"og:url\" content=\"https:\/\/kemoplastika.hr\/index.php\/product\/rasprsivac\/\" \/>\n<meta property=\"og:site_name\" content=\"Kemoplastika\" \/>\n<meta property=\"article:publisher\" content=\"https:\/\/www.facebook.com\/profile.php?id=61559590600523\" \/>\n<meta property=\"article:modified_time\" content=\"2025-01-15T08:50:34+00:00\" \/>\n<meta property=\"og:image\" content=\"https:\/\/kemoplastika.hr\/wp-content\/uploads\/2025\/01\/Sprica-Web.png\" \/>\n\t<meta property=\"og:image:width\" content=\"1000\" \/>\n\t<meta property=\"og:image:height\" content=\"749\" \/>\n\t<meta property=\"og:image:type\" content=\"image\/png\" \/>\n<meta name=\"twitter:card\" content=\"summary_large_image\" \/>\n<script type=\"application\/ld+json\" class=\"yoast-schema-graph\">{\"@context\":\"https:\\\/\\\/schema.org\",\"@graph\":[{\"@type\":\"WebPage\",\"@id\":\"https:\\\/\\\/kemoplastika.hr\\\/index.php\\\/product\\\/rasprsivac\\\/\",\"url\":\"https:\\\/\\\/kemoplastika.hr\\\/index.php\\\/product\\\/rasprsivac\\\/\",\"name\":\"Raspr\u0161iva\u010d - Kemoplastika\",\"isPartOf\":{\"@id\":\"https:\\\/\\\/kemoplastika.hr\\\/#website\"},\"primaryImageOfPage\":{\"@id\":\"https:\\\/\\\/kemoplastika.hr\\\/index.php\\\/product\\\/rasprsivac\\\/#primaryimage\"},\"image\":{\"@id\":\"https:\\\/\\\/kemoplastika.hr\\\/index.php\\\/product\\\/rasprsivac\\\/#primaryimage\"},\"thumbnailUrl\":\"https:\\\/\\\/kemoplastika.hr\\\/wp-content\\\/uploads\\\/2025\\\/01\\\/Sprica-Web.png\",\"datePublished\":\"2025-01-15T08:33:34+00:00\",\"dateModified\":\"2025-01-15T08:50:34+00:00\",\"breadcrumb\":{\"@id\":\"https:\\\/\\\/kemoplastika.hr\\\/index.php\\\/product\\\/rasprsivac\\\/#breadcrumb\"},\"inLanguage\":\"hr\",\"potentialAction\":[{\"@type\":\"ReadAction\",\"target\":[\"https:\\\/\\\/kemoplastika.hr\\\/index.php\\\/product\\\/rasprsivac\\\/\"]}]},{\"@type\":\"ImageObject\",\"inLanguage\":\"hr\",\"@id\":\"https:\\\/\\\/kemoplastika.hr\\\/index.php\\\/product\\\/rasprsivac\\\/#primaryimage\",\"url\":\"https:\\\/\\\/kemoplastika.hr\\\/wp-content\\\/uploads\\\/2025\\\/01\\\/Sprica-Web.png\",\"contentUrl\":\"https:\\\/\\\/kemoplastika.hr\\\/wp-content\\\/uploads\\\/2025\\\/01\\\/Sprica-Web.png\",\"width\":1000,\"height\":749},{\"@type\":\"BreadcrumbList\",\"@id\":\"https:\\\/\\\/kemoplastika.hr\\\/index.php\\\/product\\\/rasprsivac\\\/#breadcrumb\",\"itemListElement\":[{\"@type\":\"ListItem\",\"position\":1,\"name\":\"Po\u010detna stranica\",\"item\":\"https:\\\/\\\/kemoplastika.hr\\\/\"},{\"@type\":\"ListItem\",\"position\":2,\"name\":\"Trgovina\",\"item\":\"https:\\\/\\\/kemoplastika.hr\\\/index.php\\\/trgovina\\\/\"},{\"@type\":\"ListItem\",\"position\":3,\"name\":\"Raspr\u0161iva\u010d\"}]},{\"@type\":\"WebSite\",\"@id\":\"https:\\\/\\\/kemoplastika.hr\\\/#website\",\"url\":\"https:\\\/\\\/kemoplastika.hr\\\/\",\"name\":\"Kemoplastika\",\"description\":\"Dezinfekcija, gradnja, auto-moto, \u010di\u0161\u0107enje, ambala\u017ea\",\"publisher\":{\"@id\":\"https:\\\/\\\/kemoplastika.hr\\\/#organization\"},\"potentialAction\":[{\"@type\":\"SearchAction\",\"target\":{\"@type\":\"EntryPoint\",\"urlTemplate\":\"https:\\\/\\\/kemoplastika.hr\\\/?s={search_term_string}\"},\"query-input\":{\"@type\":\"PropertyValueSpecification\",\"valueRequired\":true,\"valueName\":\"search_term_string\"}}],\"inLanguage\":\"hr\"},{\"@type\":\"Organization\",\"@id\":\"https:\\\/\\\/kemoplastika.hr\\\/#organization\",\"name\":\"Kemoplastika\",\"url\":\"https:\\\/\\\/kemoplastika.hr\\\/\",\"logo\":{\"@type\":\"ImageObject\",\"inLanguage\":\"hr\",\"@id\":\"https:\\\/\\\/kemoplastika.hr\\\/#\\\/schema\\\/logo\\\/image\\\/\",\"url\":\"https:\\\/\\\/kemoplastika.hr\\\/wp-content\\\/uploads\\\/2025\\\/09\\\/logo.svg\",\"contentUrl\":\"https:\\\/\\\/kemoplastika.hr\\\/wp-content\\\/uploads\\\/2025\\\/09\\\/logo.svg\",\"width\":100,\"height\":100,\"caption\":\"Kemoplastika\"},\"image\":{\"@id\":\"https:\\\/\\\/kemoplastika.hr\\\/#\\\/schema\\\/logo\\\/image\\\/\"},\"sameAs\":[\"https:\\\/\\\/www.facebook.com\\\/profile.php?id=61559590600523\"]}]}<\/script>\n<!-- \/ Yoast SEO plugin. -->","yoast_head_json":{"title":"Raspr\u0161iva\u010d - Kemoplastika","robots":{"index":"index","follow":"follow","max-snippet":"max-snippet:-1","max-image-preview":"max-image-preview:large","max-video-preview":"max-video-preview:-1"},"canonical":"https:\/\/kemoplastika.hr\/index.php\/product\/rasprsivac\/","og_locale":"hr_HR","og_type":"article","og_title":"Raspr\u0161iva\u010d - Kemoplastika","og_description":"Veli\u010dina vrata: 28\/410 Omogu\u0107ava ravnomjerno prskanje teku\u0107ine u obliku sitnih kapljica. Koristi se za razli\u010dite svrhe, uklju\u010duju\u0107i \u010di\u0161\u0107enje, raspr\u0161ivanje mirisa, i sl.","og_url":"https:\/\/kemoplastika.hr\/index.php\/product\/rasprsivac\/","og_site_name":"Kemoplastika","article_publisher":"https:\/\/www.facebook.com\/profile.php?id=61559590600523","article_modified_time":"2025-01-15T08:50:34+00:00","og_image":[{"width":1000,"height":749,"url":"https:\/\/kemoplastika.hr\/wp-content\/uploads\/2025\/01\/Sprica-Web.png","type":"image\/png"}],"twitter_card":"summary_large_image","schema":{"@context":"https:\/\/schema.org","@graph":[{"@type":"WebPage","@id":"https:\/\/kemoplastika.hr\/index.php\/product\/rasprsivac\/","url":"https:\/\/kemoplastika.hr\/index.php\/product\/rasprsivac\/","name":"Raspr\u0161iva\u010d - Kemoplastika","isPartOf":{"@id":"https:\/\/kemoplastika.hr\/#website"},"primaryImageOfPage":{"@id":"https:\/\/kemoplastika.hr\/index.php\/product\/rasprsivac\/#primaryimage"},"image":{"@id":"https:\/\/kemoplastika.hr\/index.php\/product\/rasprsivac\/#primaryimage"},"thumbnailUrl":"https:\/\/kemoplastika.hr\/wp-content\/uploads\/2025\/01\/Sprica-Web.png","datePublished":"2025-01-15T08:33:34+00:00","dateModified":"2025-01-15T08:50:34+00:00","breadcrumb":{"@id":"https:\/\/kemoplastika.hr\/index.php\/product\/rasprsivac\/#breadcrumb"},"inLanguage":"hr","potentialAction":[{"@type":"ReadAction","target":["https:\/\/kemoplastika.hr\/index.php\/product\/rasprsivac\/"]}]},{"@type":"ImageObject","inLanguage":"hr","@id":"https:\/\/kemoplastika.hr\/index.php\/product\/rasprsivac\/#primaryimage","url":"https:\/\/kemoplastika.hr\/wp-content\/uploads\/2025\/01\/Sprica-Web.png","contentUrl":"https:\/\/kemoplastika.hr\/wp-content\/uploads\/2025\/01\/Sprica-Web.png","width":1000,"height":749},{"@type":"BreadcrumbList","@id":"https:\/\/kemoplastika.hr\/index.php\/product\/rasprsivac\/#breadcrumb","itemListElement":[{"@type":"ListItem","position":1,"name":"Po\u010detna stranica","item":"https:\/\/kemoplastika.hr\/"},{"@type":"ListItem","position":2,"name":"Trgovina","item":"https:\/\/kemoplastika.hr\/index.php\/trgovina\/"},{"@type":"ListItem","position":3,"name":"Raspr\u0161iva\u010d"}]},{"@type":"WebSite","@id":"https:\/\/kemoplastika.hr\/#website","url":"https:\/\/kemoplastika.hr\/","name":"Kemoplastika","description":"Dezinfekcija, gradnja, auto-moto, \u010di\u0161\u0107enje, ambala\u017ea","publisher":{"@id":"https:\/\/kemoplastika.hr\/#organization"},"potentialAction":[{"@type":"SearchAction","target":{"@type":"EntryPoint","urlTemplate":"https:\/\/kemoplastika.hr\/?s={search_term_string}"},"query-input":{"@type":"PropertyValueSpecification","valueRequired":true,"valueName":"search_term_string"}}],"inLanguage":"hr"},{"@type":"Organization","@id":"https:\/\/kemoplastika.hr\/#organization","name":"Kemoplastika","url":"https:\/\/kemoplastika.hr\/","logo":{"@type":"ImageObject","inLanguage":"hr","@id":"https:\/\/kemoplastika.hr\/#\/schema\/logo\/image\/","url":"https:\/\/kemoplastika.hr\/wp-content\/uploads\/2025\/09\/logo.svg","contentUrl":"https:\/\/kemoplastika.hr\/wp-content\/uploads\/2025\/09\/logo.svg","width":100,"height":100,"caption":"Kemoplastika"},"image":{"@id":"https:\/\/kemoplastika.hr\/#\/schema\/logo\/image\/"},"sameAs":["https:\/\/www.facebook.com\/profile.php?id=61559590600523"]}]}},"_links":{"self":[{"href":"https:\/\/kemoplastika.hr\/index.php\/wp-json\/wp\/v2\/product\/7987","targetHints":{"allow":["GET"]}}],"collection":[{"href":"https:\/\/kemoplastika.hr\/index.php\/wp-json\/wp\/v2\/product"}],"about":[{"href":"https:\/\/kemoplastika.hr\/index.php\/wp-json\/wp\/v2\/types\/product"}],"replies":[{"embeddable":true,"href":"https:\/\/kemoplastika.hr\/index.php\/wp-json\/wp\/v2\/comments?post=7987"}],"version-history":[{"count":3,"href":"https:\/\/kemoplastika.hr\/index.php\/wp-json\/wp\/v2\/product\/7987\/revisions"}],"predecessor-version":[{"id":7992,"href":"https:\/\/kemoplastika.hr\/index.php\/wp-json\/wp\/v2\/product\/7987\/revisions\/7992"}],"wp:featuredmedia":[{"embeddable":true,"href":"https:\/\/kemoplastika.hr\/index.php\/wp-json\/wp\/v2\/media\/7988"}],"wp:attachment":[{"href":"https:\/\/kemoplastika.hr\/index.php\/wp-json\/wp\/v2\/media?parent=7987"}],"wp:term":[{"taxonomy":"brand","embeddable":true,"href":"https:\/\/kemoplastika.hr\/index.php\/wp-json\/wp\/v2\/etheme_brands?post=7987"},{"taxonomy":"product_brand","embeddable":true,"href":"https:\/\/kemoplastika.hr\/index.php\/wp-json\/wp\/v2\/product_brand?post=7987"},{"taxonomy":"product_cat","embeddable":true,"href":"https:\/\/kemoplastika.hr\/index.php\/wp-json\/wp\/v2\/product_cat?post=7987"},{"taxonomy":"product_tag","embeddable":true,"href":"https:\/\/kemoplastika.hr\/index.php\/wp-json\/wp\/v2\/product_tag?post=7987"}],"curies":[{"name":"wp","href":"https:\/\/api.w.org\/{rel}","templated":true}]}}