{"id":7668,"date":"2024-10-28T10:17:28","date_gmt":"2024-10-28T10:17:28","guid":{"rendered":"https:\/\/kemoplastika.hr\/?post_type=product&#038;p=7668"},"modified":"2026-04-02T07:24:13","modified_gmt":"2026-04-02T07:24:13","slug":"varikina","status":"publish","type":"product","link":"https:\/\/kemoplastika.hr\/index.php\/product\/varikina\/","title":{"rendered":"KPL varikina"},"content":{"rendered":"<p>KPL Varikina je sna\u017eno sredstvo za \u010di\u0161\u0107enje koje u\u010dinkovito uklanja mrlje i izbjeljuje odje\u0107u, a tako\u0111er dezinficira povr\u0161ine u va\u0161em domu. Idealna je za postizanje sjajne bjeline i svje\u017eine, te osigurava higijensko okru\u017eenje. Koristite s oprezom i slijedite upute za sigurno kori\u0161tenje!<\/p>\n","protected":false},"excerpt":{"rendered":"<p>KPL Varikina je sna\u017eno sredstvo za \u010di\u0161\u0107enje koje u\u010dinkovito uklanja mrlje i izbjeljuje odje\u0107u, a tako\u0111er dezinficira povr\u0161ine u va\u0161em domu. Idealna je za postizanje sjajne bjeline i svje\u017eine, te osigurava higijensko okru\u017eenje. Koristite s oprezom i slijedite upute za sigurno kori\u0161tenje!<\/p>\n","protected":false},"featured_media":8778,"comment_status":"open","ping_status":"closed","template":"","meta":[],"etheme_brands":[],"product_brand":[],"product_cat":[22],"product_tag":[],"class_list":{"0":"post-7668","1":"product","2":"type-product","3":"status-publish","4":"has-post-thumbnail","6":"product_cat-ciscenje-i-odrzavanje","8":"first","9":"instock","10":"shipping-taxable","11":"purchasable","12":"product-type-variable"},"yoast_head":"<!-- This site is optimized with the Yoast SEO plugin v27.5 - https:\/\/yoast.com\/product\/yoast-seo-wordpress\/ -->\n<title>KPL varikina - Kemoplastika<\/title>\n<meta name=\"description\" content=\"Varikina je sna\u017eno sredstvo za \u010di\u0161\u0107enje koje uklanja mrlje i izbjeljuje odje\u0107u, a tako\u0111er dezinficira povr\u0161ine u va\u0161em domu.\" \/>\n<meta name=\"robots\" content=\"index, follow, max-snippet:-1, max-image-preview:large, max-video-preview:-1\" \/>\n<link rel=\"canonical\" href=\"https:\/\/kemoplastika.hr\/index.php\/product\/varikina\/\" \/>\n<meta property=\"og:locale\" content=\"hr_HR\" \/>\n<meta property=\"og:type\" content=\"article\" \/>\n<meta property=\"og:title\" content=\"KPL varikina - Kemoplastika\" \/>\n<meta property=\"og:description\" content=\"Varikina je sna\u017eno sredstvo za \u010di\u0161\u0107enje koje uklanja mrlje i izbjeljuje odje\u0107u, a tako\u0111er dezinficira povr\u0161ine u va\u0161em domu.\" \/>\n<meta property=\"og:url\" content=\"https:\/\/kemoplastika.hr\/index.php\/product\/varikina\/\" \/>\n<meta property=\"og:site_name\" content=\"Kemoplastika\" \/>\n<meta property=\"article:publisher\" content=\"https:\/\/www.facebook.com\/profile.php?id=61559590600523\" \/>\n<meta property=\"article:modified_time\" content=\"2026-04-02T07:24:13+00:00\" \/>\n<meta property=\"og:image\" content=\"https:\/\/kemoplastika.hr\/wp-content\/uploads\/2024\/10\/kpl-varikina-1l-kemoplastika.webp\" \/>\n\t<meta property=\"og:image:width\" content=\"1000\" \/>\n\t<meta property=\"og:image:height\" content=\"749\" \/>\n\t<meta property=\"og:image:type\" content=\"image\/webp\" \/>\n<meta name=\"twitter:card\" content=\"summary_large_image\" \/>\n<meta name=\"twitter:label1\" content=\"Procijenjeno vrijeme \u010ditanja\" \/>\n\t<meta name=\"twitter:data1\" content=\"1 minuta\" \/>\n<script type=\"application\/ld+json\" class=\"yoast-schema-graph\">{\"@context\":\"https:\\\/\\\/schema.org\",\"@graph\":[{\"@type\":\"WebPage\",\"@id\":\"https:\\\/\\\/kemoplastika.hr\\\/index.php\\\/product\\\/varikina\\\/\",\"url\":\"https:\\\/\\\/kemoplastika.hr\\\/index.php\\\/product\\\/varikina\\\/\",\"name\":\"KPL varikina - Kemoplastika\",\"isPartOf\":{\"@id\":\"https:\\\/\\\/kemoplastika.hr\\\/#website\"},\"primaryImageOfPage\":{\"@id\":\"https:\\\/\\\/kemoplastika.hr\\\/index.php\\\/product\\\/varikina\\\/#primaryimage\"},\"image\":{\"@id\":\"https:\\\/\\\/kemoplastika.hr\\\/index.php\\\/product\\\/varikina\\\/#primaryimage\"},\"thumbnailUrl\":\"https:\\\/\\\/kemoplastika.hr\\\/wp-content\\\/uploads\\\/2024\\\/10\\\/kpl-varikina-1l-kemoplastika.webp\",\"datePublished\":\"2024-10-28T10:17:28+00:00\",\"dateModified\":\"2026-04-02T07:24:13+00:00\",\"description\":\"Varikina je sna\u017eno sredstvo za \u010di\u0161\u0107enje koje uklanja mrlje i izbjeljuje odje\u0107u, a tako\u0111er dezinficira povr\u0161ine u va\u0161em domu.\",\"breadcrumb\":{\"@id\":\"https:\\\/\\\/kemoplastika.hr\\\/index.php\\\/product\\\/varikina\\\/#breadcrumb\"},\"inLanguage\":\"hr\",\"potentialAction\":[{\"@type\":\"ReadAction\",\"target\":[\"https:\\\/\\\/kemoplastika.hr\\\/index.php\\\/product\\\/varikina\\\/\"]}]},{\"@type\":\"ImageObject\",\"inLanguage\":\"hr\",\"@id\":\"https:\\\/\\\/kemoplastika.hr\\\/index.php\\\/product\\\/varikina\\\/#primaryimage\",\"url\":\"https:\\\/\\\/kemoplastika.hr\\\/wp-content\\\/uploads\\\/2024\\\/10\\\/kpl-varikina-1l-kemoplastika.webp\",\"contentUrl\":\"https:\\\/\\\/kemoplastika.hr\\\/wp-content\\\/uploads\\\/2024\\\/10\\\/kpl-varikina-1l-kemoplastika.webp\",\"width\":1000,\"height\":749,\"caption\":\"KPL Varikina\"},{\"@type\":\"BreadcrumbList\",\"@id\":\"https:\\\/\\\/kemoplastika.hr\\\/index.php\\\/product\\\/varikina\\\/#breadcrumb\",\"itemListElement\":[{\"@type\":\"ListItem\",\"position\":1,\"name\":\"Po\u010detna stranica\",\"item\":\"https:\\\/\\\/kemoplastika.hr\\\/\"},{\"@type\":\"ListItem\",\"position\":2,\"name\":\"Trgovina\",\"item\":\"https:\\\/\\\/kemoplastika.hr\\\/index.php\\\/trgovina\\\/\"},{\"@type\":\"ListItem\",\"position\":3,\"name\":\"KPL varikina\"}]},{\"@type\":\"WebSite\",\"@id\":\"https:\\\/\\\/kemoplastika.hr\\\/#website\",\"url\":\"https:\\\/\\\/kemoplastika.hr\\\/\",\"name\":\"Kemoplastika\",\"description\":\"Dezinfekcija, gradnja, auto-moto, \u010di\u0161\u0107enje, ambala\u017ea\",\"publisher\":{\"@id\":\"https:\\\/\\\/kemoplastika.hr\\\/#organization\"},\"potentialAction\":[{\"@type\":\"SearchAction\",\"target\":{\"@type\":\"EntryPoint\",\"urlTemplate\":\"https:\\\/\\\/kemoplastika.hr\\\/?s={search_term_string}\"},\"query-input\":{\"@type\":\"PropertyValueSpecification\",\"valueRequired\":true,\"valueName\":\"search_term_string\"}}],\"inLanguage\":\"hr\"},{\"@type\":\"Organization\",\"@id\":\"https:\\\/\\\/kemoplastika.hr\\\/#organization\",\"name\":\"Kemoplastika\",\"url\":\"https:\\\/\\\/kemoplastika.hr\\\/\",\"logo\":{\"@type\":\"ImageObject\",\"inLanguage\":\"hr\",\"@id\":\"https:\\\/\\\/kemoplastika.hr\\\/#\\\/schema\\\/logo\\\/image\\\/\",\"url\":\"https:\\\/\\\/kemoplastika.hr\\\/wp-content\\\/uploads\\\/2025\\\/09\\\/logo.svg\",\"contentUrl\":\"https:\\\/\\\/kemoplastika.hr\\\/wp-content\\\/uploads\\\/2025\\\/09\\\/logo.svg\",\"width\":100,\"height\":100,\"caption\":\"Kemoplastika\"},\"image\":{\"@id\":\"https:\\\/\\\/kemoplastika.hr\\\/#\\\/schema\\\/logo\\\/image\\\/\"},\"sameAs\":[\"https:\\\/\\\/www.facebook.com\\\/profile.php?id=61559590600523\"]}]}<\/script>\n<!-- \/ Yoast SEO plugin. -->","yoast_head_json":{"title":"KPL varikina - Kemoplastika","description":"Varikina je sna\u017eno sredstvo za \u010di\u0161\u0107enje koje uklanja mrlje i izbjeljuje odje\u0107u, a tako\u0111er dezinficira povr\u0161ine u va\u0161em domu.","robots":{"index":"index","follow":"follow","max-snippet":"max-snippet:-1","max-image-preview":"max-image-preview:large","max-video-preview":"max-video-preview:-1"},"canonical":"https:\/\/kemoplastika.hr\/index.php\/product\/varikina\/","og_locale":"hr_HR","og_type":"article","og_title":"KPL varikina - Kemoplastika","og_description":"Varikina je sna\u017eno sredstvo za \u010di\u0161\u0107enje koje uklanja mrlje i izbjeljuje odje\u0107u, a tako\u0111er dezinficira povr\u0161ine u va\u0161em domu.","og_url":"https:\/\/kemoplastika.hr\/index.php\/product\/varikina\/","og_site_name":"Kemoplastika","article_publisher":"https:\/\/www.facebook.com\/profile.php?id=61559590600523","article_modified_time":"2026-04-02T07:24:13+00:00","og_image":[{"width":1000,"height":749,"url":"https:\/\/kemoplastika.hr\/wp-content\/uploads\/2024\/10\/kpl-varikina-1l-kemoplastika.webp","type":"image\/webp"}],"twitter_card":"summary_large_image","twitter_misc":{"Procijenjeno vrijeme \u010ditanja":"1 minuta"},"schema":{"@context":"https:\/\/schema.org","@graph":[{"@type":"WebPage","@id":"https:\/\/kemoplastika.hr\/index.php\/product\/varikina\/","url":"https:\/\/kemoplastika.hr\/index.php\/product\/varikina\/","name":"KPL varikina - Kemoplastika","isPartOf":{"@id":"https:\/\/kemoplastika.hr\/#website"},"primaryImageOfPage":{"@id":"https:\/\/kemoplastika.hr\/index.php\/product\/varikina\/#primaryimage"},"image":{"@id":"https:\/\/kemoplastika.hr\/index.php\/product\/varikina\/#primaryimage"},"thumbnailUrl":"https:\/\/kemoplastika.hr\/wp-content\/uploads\/2024\/10\/kpl-varikina-1l-kemoplastika.webp","datePublished":"2024-10-28T10:17:28+00:00","dateModified":"2026-04-02T07:24:13+00:00","description":"Varikina je sna\u017eno sredstvo za \u010di\u0161\u0107enje koje uklanja mrlje i izbjeljuje odje\u0107u, a tako\u0111er dezinficira povr\u0161ine u va\u0161em domu.","breadcrumb":{"@id":"https:\/\/kemoplastika.hr\/index.php\/product\/varikina\/#breadcrumb"},"inLanguage":"hr","potentialAction":[{"@type":"ReadAction","target":["https:\/\/kemoplastika.hr\/index.php\/product\/varikina\/"]}]},{"@type":"ImageObject","inLanguage":"hr","@id":"https:\/\/kemoplastika.hr\/index.php\/product\/varikina\/#primaryimage","url":"https:\/\/kemoplastika.hr\/wp-content\/uploads\/2024\/10\/kpl-varikina-1l-kemoplastika.webp","contentUrl":"https:\/\/kemoplastika.hr\/wp-content\/uploads\/2024\/10\/kpl-varikina-1l-kemoplastika.webp","width":1000,"height":749,"caption":"KPL Varikina"},{"@type":"BreadcrumbList","@id":"https:\/\/kemoplastika.hr\/index.php\/product\/varikina\/#breadcrumb","itemListElement":[{"@type":"ListItem","position":1,"name":"Po\u010detna stranica","item":"https:\/\/kemoplastika.hr\/"},{"@type":"ListItem","position":2,"name":"Trgovina","item":"https:\/\/kemoplastika.hr\/index.php\/trgovina\/"},{"@type":"ListItem","position":3,"name":"KPL varikina"}]},{"@type":"WebSite","@id":"https:\/\/kemoplastika.hr\/#website","url":"https:\/\/kemoplastika.hr\/","name":"Kemoplastika","description":"Dezinfekcija, gradnja, auto-moto, \u010di\u0161\u0107enje, ambala\u017ea","publisher":{"@id":"https:\/\/kemoplastika.hr\/#organization"},"potentialAction":[{"@type":"SearchAction","target":{"@type":"EntryPoint","urlTemplate":"https:\/\/kemoplastika.hr\/?s={search_term_string}"},"query-input":{"@type":"PropertyValueSpecification","valueRequired":true,"valueName":"search_term_string"}}],"inLanguage":"hr"},{"@type":"Organization","@id":"https:\/\/kemoplastika.hr\/#organization","name":"Kemoplastika","url":"https:\/\/kemoplastika.hr\/","logo":{"@type":"ImageObject","inLanguage":"hr","@id":"https:\/\/kemoplastika.hr\/#\/schema\/logo\/image\/","url":"https:\/\/kemoplastika.hr\/wp-content\/uploads\/2025\/09\/logo.svg","contentUrl":"https:\/\/kemoplastika.hr\/wp-content\/uploads\/2025\/09\/logo.svg","width":100,"height":100,"caption":"Kemoplastika"},"image":{"@id":"https:\/\/kemoplastika.hr\/#\/schema\/logo\/image\/"},"sameAs":["https:\/\/www.facebook.com\/profile.php?id=61559590600523"]}]}},"_links":{"self":[{"href":"https:\/\/kemoplastika.hr\/index.php\/wp-json\/wp\/v2\/product\/7668","targetHints":{"allow":["GET"]}}],"collection":[{"href":"https:\/\/kemoplastika.hr\/index.php\/wp-json\/wp\/v2\/product"}],"about":[{"href":"https:\/\/kemoplastika.hr\/index.php\/wp-json\/wp\/v2\/types\/product"}],"replies":[{"embeddable":true,"href":"https:\/\/kemoplastika.hr\/index.php\/wp-json\/wp\/v2\/comments?post=7668"}],"version-history":[{"count":3,"href":"https:\/\/kemoplastika.hr\/index.php\/wp-json\/wp\/v2\/product\/7668\/revisions"}],"predecessor-version":[{"id":8781,"href":"https:\/\/kemoplastika.hr\/index.php\/wp-json\/wp\/v2\/product\/7668\/revisions\/8781"}],"wp:featuredmedia":[{"embeddable":true,"href":"https:\/\/kemoplastika.hr\/index.php\/wp-json\/wp\/v2\/media\/8778"}],"wp:attachment":[{"href":"https:\/\/kemoplastika.hr\/index.php\/wp-json\/wp\/v2\/media?parent=7668"}],"wp:term":[{"taxonomy":"brand","embeddable":true,"href":"https:\/\/kemoplastika.hr\/index.php\/wp-json\/wp\/v2\/etheme_brands?post=7668"},{"taxonomy":"product_brand","embeddable":true,"href":"https:\/\/kemoplastika.hr\/index.php\/wp-json\/wp\/v2\/product_brand?post=7668"},{"taxonomy":"product_cat","embeddable":true,"href":"https:\/\/kemoplastika.hr\/index.php\/wp-json\/wp\/v2\/product_cat?post=7668"},{"taxonomy":"product_tag","embeddable":true,"href":"https:\/\/kemoplastika.hr\/index.php\/wp-json\/wp\/v2\/product_tag?post=7668"}],"curies":[{"name":"wp","href":"https:\/\/api.w.org\/{rel}","templated":true}]}}