{"id":5968,"date":"2024-02-05T14:53:44","date_gmt":"2024-02-05T14:53:44","guid":{"rendered":"https:\/\/test.kemoplastika.hr\/?post_type=product&#038;p=5968"},"modified":"2025-03-26T10:36:23","modified_gmt":"2025-03-26T10:36:23","slug":"sredstvo-za-ciscenje-drvenog-namjestaja-kemo-wood","status":"publish","type":"product","link":"https:\/\/kemoplastika.hr\/index.php\/product\/sredstvo-za-ciscenje-drvenog-namjestaja-kemo-wood\/","title":{"rendered":"Sredstvo za \u010di\u0161\u0107enje drvenog namje\u0161taja &#8211; KEMO WOOD"},"content":{"rendered":"<p>Sredstvo za \u010di\u0161\u0107enje i njegu drvenog namje\u0161taja.<br \/>\nOsvje\u017eava drveni namje\u0161taj te \u0161titi njegovu boju.<br \/>\nNije pogodno za neobra\u0111eno drvo.<\/p>\n<p>Sadr\u017ei eteri\u010dno ulje naran\u010de.<\/p>\n","protected":false},"excerpt":{"rendered":"<p>Sadr\u017ei eteri\u010dno ulje naran\u010de.<\/p>\n","protected":false},"featured_media":5969,"comment_status":"open","ping_status":"closed","template":"","meta":[],"etheme_brands":[],"product_brand":[],"product_cat":[22],"product_tag":[],"class_list":{"0":"post-5968","1":"product","2":"type-product","3":"status-publish","4":"has-post-thumbnail","6":"product_cat-ciscenje-i-odrzavanje","7":"product_shipping_class-generalna","9":"first","10":"instock","11":"shipping-taxable","12":"purchasable","13":"product-type-simple"},"yoast_head":"<!-- This site is optimized with the Yoast SEO plugin v27.5 - https:\/\/yoast.com\/product\/yoast-seo-wordpress\/ -->\n<title>Sredstvo za \u010di\u0161\u0107enje drvenog namje\u0161taja - KEMO WOOD - Kemoplastika<\/title>\n<meta name=\"robots\" content=\"index, follow, max-snippet:-1, max-image-preview:large, max-video-preview:-1\" \/>\n<link rel=\"canonical\" href=\"https:\/\/kemoplastika.hr\/index.php\/product\/sredstvo-za-ciscenje-drvenog-namjestaja-kemo-wood\/\" \/>\n<meta property=\"og:locale\" content=\"hr_HR\" \/>\n<meta property=\"og:type\" content=\"article\" \/>\n<meta property=\"og:title\" content=\"Sredstvo za \u010di\u0161\u0107enje drvenog namje\u0161taja - KEMO WOOD - Kemoplastika\" \/>\n<meta property=\"og:description\" content=\"Sadr\u017ei eteri\u010dno ulje naran\u010de.\" \/>\n<meta property=\"og:url\" content=\"https:\/\/kemoplastika.hr\/index.php\/product\/sredstvo-za-ciscenje-drvenog-namjestaja-kemo-wood\/\" \/>\n<meta property=\"og:site_name\" content=\"Kemoplastika\" \/>\n<meta property=\"article:publisher\" content=\"https:\/\/www.facebook.com\/profile.php?id=61559590600523\" \/>\n<meta property=\"article:modified_time\" content=\"2025-03-26T10:36:23+00:00\" \/>\n<meta property=\"og:image\" content=\"https:\/\/kemoplastika.hr\/wp-content\/uploads\/2024\/02\/Kemo-Wood-700-ml_crvena-sprica.jpg\" \/>\n\t<meta property=\"og:image:width\" content=\"586\" \/>\n\t<meta property=\"og:image:height\" content=\"439\" \/>\n\t<meta property=\"og:image:type\" content=\"image\/jpeg\" \/>\n<meta name=\"twitter:card\" content=\"summary_large_image\" \/>\n<script type=\"application\/ld+json\" class=\"yoast-schema-graph\">{\"@context\":\"https:\\\/\\\/schema.org\",\"@graph\":[{\"@type\":\"WebPage\",\"@id\":\"https:\\\/\\\/kemoplastika.hr\\\/index.php\\\/product\\\/sredstvo-za-ciscenje-drvenog-namjestaja-kemo-wood\\\/\",\"url\":\"https:\\\/\\\/kemoplastika.hr\\\/index.php\\\/product\\\/sredstvo-za-ciscenje-drvenog-namjestaja-kemo-wood\\\/\",\"name\":\"Sredstvo za \u010di\u0161\u0107enje drvenog namje\u0161taja - KEMO WOOD - Kemoplastika\",\"isPartOf\":{\"@id\":\"https:\\\/\\\/kemoplastika.hr\\\/#website\"},\"primaryImageOfPage\":{\"@id\":\"https:\\\/\\\/kemoplastika.hr\\\/index.php\\\/product\\\/sredstvo-za-ciscenje-drvenog-namjestaja-kemo-wood\\\/#primaryimage\"},\"image\":{\"@id\":\"https:\\\/\\\/kemoplastika.hr\\\/index.php\\\/product\\\/sredstvo-za-ciscenje-drvenog-namjestaja-kemo-wood\\\/#primaryimage\"},\"thumbnailUrl\":\"https:\\\/\\\/kemoplastika.hr\\\/wp-content\\\/uploads\\\/2024\\\/02\\\/Kemo-Wood-700-ml_crvena-sprica.jpg\",\"datePublished\":\"2024-02-05T14:53:44+00:00\",\"dateModified\":\"2025-03-26T10:36:23+00:00\",\"breadcrumb\":{\"@id\":\"https:\\\/\\\/kemoplastika.hr\\\/index.php\\\/product\\\/sredstvo-za-ciscenje-drvenog-namjestaja-kemo-wood\\\/#breadcrumb\"},\"inLanguage\":\"hr\",\"potentialAction\":[{\"@type\":\"ReadAction\",\"target\":[\"https:\\\/\\\/kemoplastika.hr\\\/index.php\\\/product\\\/sredstvo-za-ciscenje-drvenog-namjestaja-kemo-wood\\\/\"]}]},{\"@type\":\"ImageObject\",\"inLanguage\":\"hr\",\"@id\":\"https:\\\/\\\/kemoplastika.hr\\\/index.php\\\/product\\\/sredstvo-za-ciscenje-drvenog-namjestaja-kemo-wood\\\/#primaryimage\",\"url\":\"https:\\\/\\\/kemoplastika.hr\\\/wp-content\\\/uploads\\\/2024\\\/02\\\/Kemo-Wood-700-ml_crvena-sprica.jpg\",\"contentUrl\":\"https:\\\/\\\/kemoplastika.hr\\\/wp-content\\\/uploads\\\/2024\\\/02\\\/Kemo-Wood-700-ml_crvena-sprica.jpg\",\"width\":586,\"height\":439},{\"@type\":\"BreadcrumbList\",\"@id\":\"https:\\\/\\\/kemoplastika.hr\\\/index.php\\\/product\\\/sredstvo-za-ciscenje-drvenog-namjestaja-kemo-wood\\\/#breadcrumb\",\"itemListElement\":[{\"@type\":\"ListItem\",\"position\":1,\"name\":\"Po\u010detna stranica\",\"item\":\"https:\\\/\\\/kemoplastika.hr\\\/\"},{\"@type\":\"ListItem\",\"position\":2,\"name\":\"Trgovina\",\"item\":\"https:\\\/\\\/kemoplastika.hr\\\/index.php\\\/trgovina\\\/\"},{\"@type\":\"ListItem\",\"position\":3,\"name\":\"Sredstvo za \u010di\u0161\u0107enje drvenog namje\u0161taja &#8211; KEMO WOOD\"}]},{\"@type\":\"WebSite\",\"@id\":\"https:\\\/\\\/kemoplastika.hr\\\/#website\",\"url\":\"https:\\\/\\\/kemoplastika.hr\\\/\",\"name\":\"Kemoplastika\",\"description\":\"Dezinfekcija, gradnja, auto-moto, \u010di\u0161\u0107enje, ambala\u017ea\",\"publisher\":{\"@id\":\"https:\\\/\\\/kemoplastika.hr\\\/#organization\"},\"potentialAction\":[{\"@type\":\"SearchAction\",\"target\":{\"@type\":\"EntryPoint\",\"urlTemplate\":\"https:\\\/\\\/kemoplastika.hr\\\/?s={search_term_string}\"},\"query-input\":{\"@type\":\"PropertyValueSpecification\",\"valueRequired\":true,\"valueName\":\"search_term_string\"}}],\"inLanguage\":\"hr\"},{\"@type\":\"Organization\",\"@id\":\"https:\\\/\\\/kemoplastika.hr\\\/#organization\",\"name\":\"Kemoplastika\",\"url\":\"https:\\\/\\\/kemoplastika.hr\\\/\",\"logo\":{\"@type\":\"ImageObject\",\"inLanguage\":\"hr\",\"@id\":\"https:\\\/\\\/kemoplastika.hr\\\/#\\\/schema\\\/logo\\\/image\\\/\",\"url\":\"https:\\\/\\\/kemoplastika.hr\\\/wp-content\\\/uploads\\\/2025\\\/09\\\/logo.svg\",\"contentUrl\":\"https:\\\/\\\/kemoplastika.hr\\\/wp-content\\\/uploads\\\/2025\\\/09\\\/logo.svg\",\"width\":100,\"height\":100,\"caption\":\"Kemoplastika\"},\"image\":{\"@id\":\"https:\\\/\\\/kemoplastika.hr\\\/#\\\/schema\\\/logo\\\/image\\\/\"},\"sameAs\":[\"https:\\\/\\\/www.facebook.com\\\/profile.php?id=61559590600523\"]}]}<\/script>\n<!-- \/ Yoast SEO plugin. -->","yoast_head_json":{"title":"Sredstvo za \u010di\u0161\u0107enje drvenog namje\u0161taja - KEMO WOOD - Kemoplastika","robots":{"index":"index","follow":"follow","max-snippet":"max-snippet:-1","max-image-preview":"max-image-preview:large","max-video-preview":"max-video-preview:-1"},"canonical":"https:\/\/kemoplastika.hr\/index.php\/product\/sredstvo-za-ciscenje-drvenog-namjestaja-kemo-wood\/","og_locale":"hr_HR","og_type":"article","og_title":"Sredstvo za \u010di\u0161\u0107enje drvenog namje\u0161taja - KEMO WOOD - Kemoplastika","og_description":"Sadr\u017ei eteri\u010dno ulje naran\u010de.","og_url":"https:\/\/kemoplastika.hr\/index.php\/product\/sredstvo-za-ciscenje-drvenog-namjestaja-kemo-wood\/","og_site_name":"Kemoplastika","article_publisher":"https:\/\/www.facebook.com\/profile.php?id=61559590600523","article_modified_time":"2025-03-26T10:36:23+00:00","og_image":[{"width":586,"height":439,"url":"https:\/\/kemoplastika.hr\/wp-content\/uploads\/2024\/02\/Kemo-Wood-700-ml_crvena-sprica.jpg","type":"image\/jpeg"}],"twitter_card":"summary_large_image","schema":{"@context":"https:\/\/schema.org","@graph":[{"@type":"WebPage","@id":"https:\/\/kemoplastika.hr\/index.php\/product\/sredstvo-za-ciscenje-drvenog-namjestaja-kemo-wood\/","url":"https:\/\/kemoplastika.hr\/index.php\/product\/sredstvo-za-ciscenje-drvenog-namjestaja-kemo-wood\/","name":"Sredstvo za \u010di\u0161\u0107enje drvenog namje\u0161taja - KEMO WOOD - Kemoplastika","isPartOf":{"@id":"https:\/\/kemoplastika.hr\/#website"},"primaryImageOfPage":{"@id":"https:\/\/kemoplastika.hr\/index.php\/product\/sredstvo-za-ciscenje-drvenog-namjestaja-kemo-wood\/#primaryimage"},"image":{"@id":"https:\/\/kemoplastika.hr\/index.php\/product\/sredstvo-za-ciscenje-drvenog-namjestaja-kemo-wood\/#primaryimage"},"thumbnailUrl":"https:\/\/kemoplastika.hr\/wp-content\/uploads\/2024\/02\/Kemo-Wood-700-ml_crvena-sprica.jpg","datePublished":"2024-02-05T14:53:44+00:00","dateModified":"2025-03-26T10:36:23+00:00","breadcrumb":{"@id":"https:\/\/kemoplastika.hr\/index.php\/product\/sredstvo-za-ciscenje-drvenog-namjestaja-kemo-wood\/#breadcrumb"},"inLanguage":"hr","potentialAction":[{"@type":"ReadAction","target":["https:\/\/kemoplastika.hr\/index.php\/product\/sredstvo-za-ciscenje-drvenog-namjestaja-kemo-wood\/"]}]},{"@type":"ImageObject","inLanguage":"hr","@id":"https:\/\/kemoplastika.hr\/index.php\/product\/sredstvo-za-ciscenje-drvenog-namjestaja-kemo-wood\/#primaryimage","url":"https:\/\/kemoplastika.hr\/wp-content\/uploads\/2024\/02\/Kemo-Wood-700-ml_crvena-sprica.jpg","contentUrl":"https:\/\/kemoplastika.hr\/wp-content\/uploads\/2024\/02\/Kemo-Wood-700-ml_crvena-sprica.jpg","width":586,"height":439},{"@type":"BreadcrumbList","@id":"https:\/\/kemoplastika.hr\/index.php\/product\/sredstvo-za-ciscenje-drvenog-namjestaja-kemo-wood\/#breadcrumb","itemListElement":[{"@type":"ListItem","position":1,"name":"Po\u010detna stranica","item":"https:\/\/kemoplastika.hr\/"},{"@type":"ListItem","position":2,"name":"Trgovina","item":"https:\/\/kemoplastika.hr\/index.php\/trgovina\/"},{"@type":"ListItem","position":3,"name":"Sredstvo za \u010di\u0161\u0107enje drvenog namje\u0161taja &#8211; KEMO WOOD"}]},{"@type":"WebSite","@id":"https:\/\/kemoplastika.hr\/#website","url":"https:\/\/kemoplastika.hr\/","name":"Kemoplastika","description":"Dezinfekcija, gradnja, auto-moto, \u010di\u0161\u0107enje, ambala\u017ea","publisher":{"@id":"https:\/\/kemoplastika.hr\/#organization"},"potentialAction":[{"@type":"SearchAction","target":{"@type":"EntryPoint","urlTemplate":"https:\/\/kemoplastika.hr\/?s={search_term_string}"},"query-input":{"@type":"PropertyValueSpecification","valueRequired":true,"valueName":"search_term_string"}}],"inLanguage":"hr"},{"@type":"Organization","@id":"https:\/\/kemoplastika.hr\/#organization","name":"Kemoplastika","url":"https:\/\/kemoplastika.hr\/","logo":{"@type":"ImageObject","inLanguage":"hr","@id":"https:\/\/kemoplastika.hr\/#\/schema\/logo\/image\/","url":"https:\/\/kemoplastika.hr\/wp-content\/uploads\/2025\/09\/logo.svg","contentUrl":"https:\/\/kemoplastika.hr\/wp-content\/uploads\/2025\/09\/logo.svg","width":100,"height":100,"caption":"Kemoplastika"},"image":{"@id":"https:\/\/kemoplastika.hr\/#\/schema\/logo\/image\/"},"sameAs":["https:\/\/www.facebook.com\/profile.php?id=61559590600523"]}]}},"_links":{"self":[{"href":"https:\/\/kemoplastika.hr\/index.php\/wp-json\/wp\/v2\/product\/5968","targetHints":{"allow":["GET"]}}],"collection":[{"href":"https:\/\/kemoplastika.hr\/index.php\/wp-json\/wp\/v2\/product"}],"about":[{"href":"https:\/\/kemoplastika.hr\/index.php\/wp-json\/wp\/v2\/types\/product"}],"replies":[{"embeddable":true,"href":"https:\/\/kemoplastika.hr\/index.php\/wp-json\/wp\/v2\/comments?post=5968"}],"version-history":[{"count":1,"href":"https:\/\/kemoplastika.hr\/index.php\/wp-json\/wp\/v2\/product\/5968\/revisions"}],"predecessor-version":[{"id":5971,"href":"https:\/\/kemoplastika.hr\/index.php\/wp-json\/wp\/v2\/product\/5968\/revisions\/5971"}],"wp:featuredmedia":[{"embeddable":true,"href":"https:\/\/kemoplastika.hr\/index.php\/wp-json\/wp\/v2\/media\/5969"}],"wp:attachment":[{"href":"https:\/\/kemoplastika.hr\/index.php\/wp-json\/wp\/v2\/media?parent=5968"}],"wp:term":[{"taxonomy":"brand","embeddable":true,"href":"https:\/\/kemoplastika.hr\/index.php\/wp-json\/wp\/v2\/etheme_brands?post=5968"},{"taxonomy":"product_brand","embeddable":true,"href":"https:\/\/kemoplastika.hr\/index.php\/wp-json\/wp\/v2\/product_brand?post=5968"},{"taxonomy":"product_cat","embeddable":true,"href":"https:\/\/kemoplastika.hr\/index.php\/wp-json\/wp\/v2\/product_cat?post=5968"},{"taxonomy":"product_tag","embeddable":true,"href":"https:\/\/kemoplastika.hr\/index.php\/wp-json\/wp\/v2\/product_tag?post=5968"}],"curies":[{"name":"wp","href":"https:\/\/api.w.org\/{rel}","templated":true}]}}