{"id":5909,"date":"2024-02-05T13:31:26","date_gmt":"2024-02-05T13:31:26","guid":{"rendered":"https:\/\/test.kemoplastika.hr\/?post_type=product&#038;p=5909"},"modified":"2025-03-26T08:06:54","modified_gmt":"2025-03-26T08:06:54","slug":"dezikem-alkoholno-sredstvo-za-dezinfekciju-povrsina","status":"publish","type":"product","link":"https:\/\/kemoplastika.hr\/index.php\/product\/dezikem-alkoholno-sredstvo-za-dezinfekciju-povrsina\/","title":{"rendered":"DEZIKEM (Alkoholno sredstvo za dezinfekciju povr\u0161ina)"},"content":{"rendered":"<p>Sredstvo za dezinfekciju povr\u0161ina na bazi alkohola (70%). Primjenjuje se za \u010di\u0161\u0107enje i brzu dezinfekciju manjih i blago zaprljanih vodootpornih povr\u0161ina u doma\u0107instvu i svim granama prehrambene industrije, ugostiteljstvu te na povr\u0161inama namijenjenim javnom zdravstvu i svim drugim mjestima gdje je potrebna brza dezinfekcija<\/p>\n<p><strong>Rje\u0161enje Ministarstva Zdravstva <\/strong><\/p>\n<p>KLASA: UP\/I-543-04\/20-05\/222; URBROJ: 534-07-1\/6-20-2<\/p>\n<p><strong>UPUTE ZA UPORABU:<\/strong><br \/>\nUpotrebljava se nerazrije\u0111en, raspr\u0161ivanjem ili prebrisavanjem tako da povr\u0161ina bude potpuno mokra. Ostaviti da se osu\u0161i ili nakon nekoliko trenutaka prebrisati tretiranu povr\u0161inu \u010distom krpom ili papirom. Ispiranje nije potrebno. Jako zaprljane povr\u0161ine potrebno je prije dezinfekcije temeljito oprati i isprati.<\/p>\n","protected":false},"excerpt":{"rendered":"<p>Primjenjuje se za \u010di\u0161\u0107enje i brzu dezinfekciju manjih i blago zaprljanih vodootpornih povr\u0161ina u doma\u0107instvu i svim granama prehrambene industrije, ugostiteljstvu te na povr\u0161inama namijenjenim javnom zdravstvu i svim drugim mjestima gdje je potrebna brza dezinfekcija.<\/p>\n","protected":false},"featured_media":5910,"comment_status":"open","ping_status":"closed","template":"","meta":[],"etheme_brands":[{"term_id":42,"name":"Dezinfekcija","slug":"dezinfekcija","term_group":0,"term_taxonomy_id":42,"taxonomy":"brand","description":"","parent":0,"count":3,"filter":"raw"}],"product_brand":[],"product_cat":[21],"product_tag":[],"class_list":{"0":"post-5909","1":"product","2":"type-product","3":"status-publish","4":"has-post-thumbnail","6":"brand-dezinfekcija","7":"product_cat-dezinfekcija","9":"first","10":"instock","11":"shipping-taxable","12":"purchasable","13":"product-type-variable"},"yoast_head":"<!-- This site is optimized with the Yoast SEO plugin v27.5 - https:\/\/yoast.com\/product\/yoast-seo-wordpress\/ -->\n<title>DEZIKEM (Alkoholno sredstvo za dezinfekciju povr\u0161ina) - Kemoplastika<\/title>\n<meta name=\"robots\" content=\"index, follow, max-snippet:-1, max-image-preview:large, max-video-preview:-1\" \/>\n<link rel=\"canonical\" href=\"https:\/\/kemoplastika.hr\/index.php\/product\/dezikem-alkoholno-sredstvo-za-dezinfekciju-povrsina\/\" \/>\n<meta property=\"og:locale\" content=\"hr_HR\" \/>\n<meta property=\"og:type\" content=\"article\" \/>\n<meta property=\"og:title\" content=\"DEZIKEM (Alkoholno sredstvo za dezinfekciju povr\u0161ina) - Kemoplastika\" \/>\n<meta property=\"og:description\" content=\"Primjenjuje se za \u010di\u0161\u0107enje i brzu dezinfekciju manjih i blago zaprljanih vodootpornih povr\u0161ina u doma\u0107instvu i svim granama prehrambene industrije, ugostiteljstvu te na povr\u0161inama namijenjenim javnom zdravstvu i svim drugim mjestima gdje je potrebna brza dezinfekcija.\" \/>\n<meta property=\"og:url\" content=\"https:\/\/kemoplastika.hr\/index.php\/product\/dezikem-alkoholno-sredstvo-za-dezinfekciju-povrsina\/\" \/>\n<meta property=\"og:site_name\" content=\"Kemoplastika\" \/>\n<meta property=\"article:publisher\" content=\"https:\/\/www.facebook.com\/profile.php?id=61559590600523\" \/>\n<meta property=\"article:modified_time\" content=\"2025-03-26T08:06:54+00:00\" \/>\n<meta property=\"og:image\" content=\"https:\/\/kemoplastika.hr\/wp-content\/uploads\/2024\/02\/DeziKem_500-ml-za-web.png\" \/>\n\t<meta property=\"og:image:width\" content=\"502\" \/>\n\t<meta property=\"og:image:height\" content=\"497\" \/>\n\t<meta property=\"og:image:type\" content=\"image\/png\" \/>\n<meta name=\"twitter:card\" content=\"summary_large_image\" \/>\n<meta name=\"twitter:label1\" content=\"Procijenjeno vrijeme \u010ditanja\" \/>\n\t<meta name=\"twitter:data1\" content=\"1 minuta\" \/>\n<script type=\"application\/ld+json\" class=\"yoast-schema-graph\">{\"@context\":\"https:\\\/\\\/schema.org\",\"@graph\":[{\"@type\":\"WebPage\",\"@id\":\"https:\\\/\\\/kemoplastika.hr\\\/index.php\\\/product\\\/dezikem-alkoholno-sredstvo-za-dezinfekciju-povrsina\\\/\",\"url\":\"https:\\\/\\\/kemoplastika.hr\\\/index.php\\\/product\\\/dezikem-alkoholno-sredstvo-za-dezinfekciju-povrsina\\\/\",\"name\":\"DEZIKEM (Alkoholno sredstvo za dezinfekciju povr\u0161ina) - Kemoplastika\",\"isPartOf\":{\"@id\":\"https:\\\/\\\/kemoplastika.hr\\\/#website\"},\"primaryImageOfPage\":{\"@id\":\"https:\\\/\\\/kemoplastika.hr\\\/index.php\\\/product\\\/dezikem-alkoholno-sredstvo-za-dezinfekciju-povrsina\\\/#primaryimage\"},\"image\":{\"@id\":\"https:\\\/\\\/kemoplastika.hr\\\/index.php\\\/product\\\/dezikem-alkoholno-sredstvo-za-dezinfekciju-povrsina\\\/#primaryimage\"},\"thumbnailUrl\":\"https:\\\/\\\/kemoplastika.hr\\\/wp-content\\\/uploads\\\/2024\\\/02\\\/DeziKem_500-ml-za-web.png\",\"datePublished\":\"2024-02-05T13:31:26+00:00\",\"dateModified\":\"2025-03-26T08:06:54+00:00\",\"breadcrumb\":{\"@id\":\"https:\\\/\\\/kemoplastika.hr\\\/index.php\\\/product\\\/dezikem-alkoholno-sredstvo-za-dezinfekciju-povrsina\\\/#breadcrumb\"},\"inLanguage\":\"hr\",\"potentialAction\":[{\"@type\":\"ReadAction\",\"target\":[\"https:\\\/\\\/kemoplastika.hr\\\/index.php\\\/product\\\/dezikem-alkoholno-sredstvo-za-dezinfekciju-povrsina\\\/\"]}]},{\"@type\":\"ImageObject\",\"inLanguage\":\"hr\",\"@id\":\"https:\\\/\\\/kemoplastika.hr\\\/index.php\\\/product\\\/dezikem-alkoholno-sredstvo-za-dezinfekciju-povrsina\\\/#primaryimage\",\"url\":\"https:\\\/\\\/kemoplastika.hr\\\/wp-content\\\/uploads\\\/2024\\\/02\\\/DeziKem_500-ml-za-web.png\",\"contentUrl\":\"https:\\\/\\\/kemoplastika.hr\\\/wp-content\\\/uploads\\\/2024\\\/02\\\/DeziKem_500-ml-za-web.png\",\"width\":502,\"height\":497},{\"@type\":\"BreadcrumbList\",\"@id\":\"https:\\\/\\\/kemoplastika.hr\\\/index.php\\\/product\\\/dezikem-alkoholno-sredstvo-za-dezinfekciju-povrsina\\\/#breadcrumb\",\"itemListElement\":[{\"@type\":\"ListItem\",\"position\":1,\"name\":\"Po\u010detna stranica\",\"item\":\"https:\\\/\\\/kemoplastika.hr\\\/\"},{\"@type\":\"ListItem\",\"position\":2,\"name\":\"Trgovina\",\"item\":\"https:\\\/\\\/kemoplastika.hr\\\/index.php\\\/trgovina\\\/\"},{\"@type\":\"ListItem\",\"position\":3,\"name\":\"DEZIKEM (Alkoholno sredstvo za dezinfekciju povr\u0161ina)\"}]},{\"@type\":\"WebSite\",\"@id\":\"https:\\\/\\\/kemoplastika.hr\\\/#website\",\"url\":\"https:\\\/\\\/kemoplastika.hr\\\/\",\"name\":\"Kemoplastika\",\"description\":\"Dezinfekcija, gradnja, auto-moto, \u010di\u0161\u0107enje, ambala\u017ea\",\"publisher\":{\"@id\":\"https:\\\/\\\/kemoplastika.hr\\\/#organization\"},\"potentialAction\":[{\"@type\":\"SearchAction\",\"target\":{\"@type\":\"EntryPoint\",\"urlTemplate\":\"https:\\\/\\\/kemoplastika.hr\\\/?s={search_term_string}\"},\"query-input\":{\"@type\":\"PropertyValueSpecification\",\"valueRequired\":true,\"valueName\":\"search_term_string\"}}],\"inLanguage\":\"hr\"},{\"@type\":\"Organization\",\"@id\":\"https:\\\/\\\/kemoplastika.hr\\\/#organization\",\"name\":\"Kemoplastika\",\"url\":\"https:\\\/\\\/kemoplastika.hr\\\/\",\"logo\":{\"@type\":\"ImageObject\",\"inLanguage\":\"hr\",\"@id\":\"https:\\\/\\\/kemoplastika.hr\\\/#\\\/schema\\\/logo\\\/image\\\/\",\"url\":\"https:\\\/\\\/kemoplastika.hr\\\/wp-content\\\/uploads\\\/2025\\\/09\\\/logo.svg\",\"contentUrl\":\"https:\\\/\\\/kemoplastika.hr\\\/wp-content\\\/uploads\\\/2025\\\/09\\\/logo.svg\",\"width\":100,\"height\":100,\"caption\":\"Kemoplastika\"},\"image\":{\"@id\":\"https:\\\/\\\/kemoplastika.hr\\\/#\\\/schema\\\/logo\\\/image\\\/\"},\"sameAs\":[\"https:\\\/\\\/www.facebook.com\\\/profile.php?id=61559590600523\"]}]}<\/script>\n<!-- \/ Yoast SEO plugin. -->","yoast_head_json":{"title":"DEZIKEM (Alkoholno sredstvo za dezinfekciju povr\u0161ina) - Kemoplastika","robots":{"index":"index","follow":"follow","max-snippet":"max-snippet:-1","max-image-preview":"max-image-preview:large","max-video-preview":"max-video-preview:-1"},"canonical":"https:\/\/kemoplastika.hr\/index.php\/product\/dezikem-alkoholno-sredstvo-za-dezinfekciju-povrsina\/","og_locale":"hr_HR","og_type":"article","og_title":"DEZIKEM (Alkoholno sredstvo za dezinfekciju povr\u0161ina) - Kemoplastika","og_description":"Primjenjuje se za \u010di\u0161\u0107enje i brzu dezinfekciju manjih i blago zaprljanih vodootpornih povr\u0161ina u doma\u0107instvu i svim granama prehrambene industrije, ugostiteljstvu te na povr\u0161inama namijenjenim javnom zdravstvu i svim drugim mjestima gdje je potrebna brza dezinfekcija.","og_url":"https:\/\/kemoplastika.hr\/index.php\/product\/dezikem-alkoholno-sredstvo-za-dezinfekciju-povrsina\/","og_site_name":"Kemoplastika","article_publisher":"https:\/\/www.facebook.com\/profile.php?id=61559590600523","article_modified_time":"2025-03-26T08:06:54+00:00","og_image":[{"width":502,"height":497,"url":"https:\/\/kemoplastika.hr\/wp-content\/uploads\/2024\/02\/DeziKem_500-ml-za-web.png","type":"image\/png"}],"twitter_card":"summary_large_image","twitter_misc":{"Procijenjeno vrijeme \u010ditanja":"1 minuta"},"schema":{"@context":"https:\/\/schema.org","@graph":[{"@type":"WebPage","@id":"https:\/\/kemoplastika.hr\/index.php\/product\/dezikem-alkoholno-sredstvo-za-dezinfekciju-povrsina\/","url":"https:\/\/kemoplastika.hr\/index.php\/product\/dezikem-alkoholno-sredstvo-za-dezinfekciju-povrsina\/","name":"DEZIKEM (Alkoholno sredstvo za dezinfekciju povr\u0161ina) - Kemoplastika","isPartOf":{"@id":"https:\/\/kemoplastika.hr\/#website"},"primaryImageOfPage":{"@id":"https:\/\/kemoplastika.hr\/index.php\/product\/dezikem-alkoholno-sredstvo-za-dezinfekciju-povrsina\/#primaryimage"},"image":{"@id":"https:\/\/kemoplastika.hr\/index.php\/product\/dezikem-alkoholno-sredstvo-za-dezinfekciju-povrsina\/#primaryimage"},"thumbnailUrl":"https:\/\/kemoplastika.hr\/wp-content\/uploads\/2024\/02\/DeziKem_500-ml-za-web.png","datePublished":"2024-02-05T13:31:26+00:00","dateModified":"2025-03-26T08:06:54+00:00","breadcrumb":{"@id":"https:\/\/kemoplastika.hr\/index.php\/product\/dezikem-alkoholno-sredstvo-za-dezinfekciju-povrsina\/#breadcrumb"},"inLanguage":"hr","potentialAction":[{"@type":"ReadAction","target":["https:\/\/kemoplastika.hr\/index.php\/product\/dezikem-alkoholno-sredstvo-za-dezinfekciju-povrsina\/"]}]},{"@type":"ImageObject","inLanguage":"hr","@id":"https:\/\/kemoplastika.hr\/index.php\/product\/dezikem-alkoholno-sredstvo-za-dezinfekciju-povrsina\/#primaryimage","url":"https:\/\/kemoplastika.hr\/wp-content\/uploads\/2024\/02\/DeziKem_500-ml-za-web.png","contentUrl":"https:\/\/kemoplastika.hr\/wp-content\/uploads\/2024\/02\/DeziKem_500-ml-za-web.png","width":502,"height":497},{"@type":"BreadcrumbList","@id":"https:\/\/kemoplastika.hr\/index.php\/product\/dezikem-alkoholno-sredstvo-za-dezinfekciju-povrsina\/#breadcrumb","itemListElement":[{"@type":"ListItem","position":1,"name":"Po\u010detna stranica","item":"https:\/\/kemoplastika.hr\/"},{"@type":"ListItem","position":2,"name":"Trgovina","item":"https:\/\/kemoplastika.hr\/index.php\/trgovina\/"},{"@type":"ListItem","position":3,"name":"DEZIKEM (Alkoholno sredstvo za dezinfekciju povr\u0161ina)"}]},{"@type":"WebSite","@id":"https:\/\/kemoplastika.hr\/#website","url":"https:\/\/kemoplastika.hr\/","name":"Kemoplastika","description":"Dezinfekcija, gradnja, auto-moto, \u010di\u0161\u0107enje, ambala\u017ea","publisher":{"@id":"https:\/\/kemoplastika.hr\/#organization"},"potentialAction":[{"@type":"SearchAction","target":{"@type":"EntryPoint","urlTemplate":"https:\/\/kemoplastika.hr\/?s={search_term_string}"},"query-input":{"@type":"PropertyValueSpecification","valueRequired":true,"valueName":"search_term_string"}}],"inLanguage":"hr"},{"@type":"Organization","@id":"https:\/\/kemoplastika.hr\/#organization","name":"Kemoplastika","url":"https:\/\/kemoplastika.hr\/","logo":{"@type":"ImageObject","inLanguage":"hr","@id":"https:\/\/kemoplastika.hr\/#\/schema\/logo\/image\/","url":"https:\/\/kemoplastika.hr\/wp-content\/uploads\/2025\/09\/logo.svg","contentUrl":"https:\/\/kemoplastika.hr\/wp-content\/uploads\/2025\/09\/logo.svg","width":100,"height":100,"caption":"Kemoplastika"},"image":{"@id":"https:\/\/kemoplastika.hr\/#\/schema\/logo\/image\/"},"sameAs":["https:\/\/www.facebook.com\/profile.php?id=61559590600523"]}]}},"_links":{"self":[{"href":"https:\/\/kemoplastika.hr\/index.php\/wp-json\/wp\/v2\/product\/5909","targetHints":{"allow":["GET"]}}],"collection":[{"href":"https:\/\/kemoplastika.hr\/index.php\/wp-json\/wp\/v2\/product"}],"about":[{"href":"https:\/\/kemoplastika.hr\/index.php\/wp-json\/wp\/v2\/types\/product"}],"replies":[{"embeddable":true,"href":"https:\/\/kemoplastika.hr\/index.php\/wp-json\/wp\/v2\/comments?post=5909"}],"version-history":[{"count":1,"href":"https:\/\/kemoplastika.hr\/index.php\/wp-json\/wp\/v2\/product\/5909\/revisions"}],"predecessor-version":[{"id":5917,"href":"https:\/\/kemoplastika.hr\/index.php\/wp-json\/wp\/v2\/product\/5909\/revisions\/5917"}],"wp:featuredmedia":[{"embeddable":true,"href":"https:\/\/kemoplastika.hr\/index.php\/wp-json\/wp\/v2\/media\/5910"}],"wp:attachment":[{"href":"https:\/\/kemoplastika.hr\/index.php\/wp-json\/wp\/v2\/media?parent=5909"}],"wp:term":[{"taxonomy":"brand","embeddable":true,"href":"https:\/\/kemoplastika.hr\/index.php\/wp-json\/wp\/v2\/etheme_brands?post=5909"},{"taxonomy":"product_brand","embeddable":true,"href":"https:\/\/kemoplastika.hr\/index.php\/wp-json\/wp\/v2\/product_brand?post=5909"},{"taxonomy":"product_cat","embeddable":true,"href":"https:\/\/kemoplastika.hr\/index.php\/wp-json\/wp\/v2\/product_cat?post=5909"},{"taxonomy":"product_tag","embeddable":true,"href":"https:\/\/kemoplastika.hr\/index.php\/wp-json\/wp\/v2\/product_tag?post=5909"}],"curies":[{"name":"wp","href":"https:\/\/api.w.org\/{rel}","templated":true}]}}