{"id":5722,"date":"2024-02-25T07:45:44","date_gmt":"2024-02-25T07:45:44","guid":{"rendered":"https:\/\/test.kemoplastika.hr\/?post_type=product&#038;p=5722"},"modified":"2025-03-27T11:00:42","modified_gmt":"2025-03-27T11:00:42","slug":"proficid","status":"publish","type":"product","link":"https:\/\/kemoplastika.hr\/index.php\/product\/proficid\/","title":{"rendered":"Proficid+"},"content":{"rendered":"<p>Vodena otopina biocida i aditiva koja, kao dodatak zidnim disperzijskim bojama, u\u010dinkovito sprje\u010dava odnosno zaustavlja rast i razvoj ve\u0107ine najvi\u0161e ra\u0161irenih zidnih plijesni. Upotrebljava se kao preventivni fungicidni dodatak zidnim bojama i nema u\u010dinka na sanaciju povr\u0161ina zara\u017eenih plijesnima i algama. Proizvod je pogodan za sve vrste fasadnih i unutarnjih zidnih povr\u0161ina, te za primjenu u stambenim, poslovnim i industrijskim objektima. Prije upotrebe protresti bocu i dobro umije\u0161ati u boju. Dodaje se 1 litra proizvoda na 5 litara unutarnje boje. Proizvod ne utje\u010de na nijansu boje ni na druge tehni\u010dke karakteristike va\u017ene za njeno nano\u0161enje. Prilikom upotrebe proizvoda pripaziti da su vremenski uvjeti primjereni za nano\u0161enje. Optimalna radna temperatura mora biti vi\u0161a od +5oC i manja od +35oC, a relativna vla\u017enost zraka 80%.<\/p>\n<p>Rje\u0161enje Ministarstva Zdravstva<\/p>\n<p>KLASA: UP\/I-543-04\/20-05\/549; URBROJ: 534-07-1\/4-20-2<\/p>\n","protected":false},"excerpt":{"rendered":"<p>Vodena otopina biocida i aditiva koja, kao dodatak zidnim disperzijskim bojama, u\u010dinkovito sprje\u010dava odnosno zaustavlja rast i razvoj ve\u0107ine najvi\u0161e ra\u0161irenih zidnih plijesni.<\/p>\n","protected":false},"featured_media":7637,"comment_status":"open","ping_status":"closed","template":"","meta":[],"etheme_brands":[],"product_brand":[],"product_cat":[25],"product_tag":[],"class_list":{"0":"post-5722","1":"product","2":"type-product","3":"status-publish","4":"has-post-thumbnail","6":"product_cat-gradevinska-kemija","8":"first","9":"instock","10":"shipping-taxable","11":"purchasable","12":"product-type-variable"},"yoast_head":"<!-- This site is optimized with the Yoast SEO plugin v27.4 - https:\/\/yoast.com\/product\/yoast-seo-wordpress\/ -->\n<title>Proficid+ - Kemoplastika<\/title>\n<meta name=\"robots\" content=\"index, follow, max-snippet:-1, max-image-preview:large, max-video-preview:-1\" \/>\n<link rel=\"canonical\" href=\"https:\/\/kemoplastika.hr\/index.php\/product\/proficid\/\" \/>\n<meta property=\"og:locale\" content=\"hr_HR\" \/>\n<meta property=\"og:type\" content=\"article\" \/>\n<meta property=\"og:title\" content=\"Proficid+ - Kemoplastika\" \/>\n<meta property=\"og:description\" content=\"Vodena otopina biocida i aditiva koja, kao dodatak zidnim disperzijskim bojama, u\u010dinkovito sprje\u010dava odnosno zaustavlja rast i razvoj ve\u0107ine najvi\u0161e ra\u0161irenih zidnih plijesni.\" \/>\n<meta property=\"og:url\" content=\"https:\/\/kemoplastika.hr\/index.php\/product\/proficid\/\" \/>\n<meta property=\"og:site_name\" content=\"Kemoplastika\" \/>\n<meta property=\"article:publisher\" content=\"https:\/\/www.facebook.com\/profile.php?id=61559590600523\" \/>\n<meta property=\"article:modified_time\" content=\"2025-03-27T11:00:42+00:00\" \/>\n<meta property=\"og:image\" content=\"https:\/\/kemoplastika.hr\/wp-content\/uploads\/2024\/02\/Proficid-1L-WEB.png\" \/>\n\t<meta property=\"og:image:width\" content=\"1000\" \/>\n\t<meta property=\"og:image:height\" content=\"749\" \/>\n\t<meta property=\"og:image:type\" content=\"image\/png\" \/>\n<meta name=\"twitter:card\" content=\"summary_large_image\" \/>\n<meta name=\"twitter:label1\" content=\"Procijenjeno vrijeme \u010ditanja\" \/>\n\t<meta name=\"twitter:data1\" content=\"1 minuta\" \/>\n<script type=\"application\/ld+json\" class=\"yoast-schema-graph\">{\"@context\":\"https:\\\/\\\/schema.org\",\"@graph\":[{\"@type\":\"WebPage\",\"@id\":\"https:\\\/\\\/kemoplastika.hr\\\/index.php\\\/product\\\/proficid\\\/\",\"url\":\"https:\\\/\\\/kemoplastika.hr\\\/index.php\\\/product\\\/proficid\\\/\",\"name\":\"Proficid+ - Kemoplastika\",\"isPartOf\":{\"@id\":\"https:\\\/\\\/kemoplastika.hr\\\/#website\"},\"primaryImageOfPage\":{\"@id\":\"https:\\\/\\\/kemoplastika.hr\\\/index.php\\\/product\\\/proficid\\\/#primaryimage\"},\"image\":{\"@id\":\"https:\\\/\\\/kemoplastika.hr\\\/index.php\\\/product\\\/proficid\\\/#primaryimage\"},\"thumbnailUrl\":\"https:\\\/\\\/kemoplastika.hr\\\/wp-content\\\/uploads\\\/2024\\\/02\\\/Proficid-1L-WEB.png\",\"datePublished\":\"2024-02-25T07:45:44+00:00\",\"dateModified\":\"2025-03-27T11:00:42+00:00\",\"breadcrumb\":{\"@id\":\"https:\\\/\\\/kemoplastika.hr\\\/index.php\\\/product\\\/proficid\\\/#breadcrumb\"},\"inLanguage\":\"hr\",\"potentialAction\":[{\"@type\":\"ReadAction\",\"target\":[\"https:\\\/\\\/kemoplastika.hr\\\/index.php\\\/product\\\/proficid\\\/\"]}]},{\"@type\":\"ImageObject\",\"inLanguage\":\"hr\",\"@id\":\"https:\\\/\\\/kemoplastika.hr\\\/index.php\\\/product\\\/proficid\\\/#primaryimage\",\"url\":\"https:\\\/\\\/kemoplastika.hr\\\/wp-content\\\/uploads\\\/2024\\\/02\\\/Proficid-1L-WEB.png\",\"contentUrl\":\"https:\\\/\\\/kemoplastika.hr\\\/wp-content\\\/uploads\\\/2024\\\/02\\\/Proficid-1L-WEB.png\",\"width\":1000,\"height\":749},{\"@type\":\"BreadcrumbList\",\"@id\":\"https:\\\/\\\/kemoplastika.hr\\\/index.php\\\/product\\\/proficid\\\/#breadcrumb\",\"itemListElement\":[{\"@type\":\"ListItem\",\"position\":1,\"name\":\"Po\u010detna stranica\",\"item\":\"https:\\\/\\\/kemoplastika.hr\\\/\"},{\"@type\":\"ListItem\",\"position\":2,\"name\":\"Trgovina\",\"item\":\"https:\\\/\\\/kemoplastika.hr\\\/index.php\\\/trgovina\\\/\"},{\"@type\":\"ListItem\",\"position\":3,\"name\":\"Proficid+\"}]},{\"@type\":\"WebSite\",\"@id\":\"https:\\\/\\\/kemoplastika.hr\\\/#website\",\"url\":\"https:\\\/\\\/kemoplastika.hr\\\/\",\"name\":\"Kemoplastika\",\"description\":\"Dezinfekcija, gradnja, auto-moto, \u010di\u0161\u0107enje, ambala\u017ea\",\"publisher\":{\"@id\":\"https:\\\/\\\/kemoplastika.hr\\\/#organization\"},\"potentialAction\":[{\"@type\":\"SearchAction\",\"target\":{\"@type\":\"EntryPoint\",\"urlTemplate\":\"https:\\\/\\\/kemoplastika.hr\\\/?s={search_term_string}\"},\"query-input\":{\"@type\":\"PropertyValueSpecification\",\"valueRequired\":true,\"valueName\":\"search_term_string\"}}],\"inLanguage\":\"hr\"},{\"@type\":\"Organization\",\"@id\":\"https:\\\/\\\/kemoplastika.hr\\\/#organization\",\"name\":\"Kemoplastika\",\"url\":\"https:\\\/\\\/kemoplastika.hr\\\/\",\"logo\":{\"@type\":\"ImageObject\",\"inLanguage\":\"hr\",\"@id\":\"https:\\\/\\\/kemoplastika.hr\\\/#\\\/schema\\\/logo\\\/image\\\/\",\"url\":\"https:\\\/\\\/kemoplastika.hr\\\/wp-content\\\/uploads\\\/2025\\\/09\\\/logo.svg\",\"contentUrl\":\"https:\\\/\\\/kemoplastika.hr\\\/wp-content\\\/uploads\\\/2025\\\/09\\\/logo.svg\",\"width\":100,\"height\":100,\"caption\":\"Kemoplastika\"},\"image\":{\"@id\":\"https:\\\/\\\/kemoplastika.hr\\\/#\\\/schema\\\/logo\\\/image\\\/\"},\"sameAs\":[\"https:\\\/\\\/www.facebook.com\\\/profile.php?id=61559590600523\"]}]}<\/script>\n<!-- \/ Yoast SEO plugin. -->","yoast_head_json":{"title":"Proficid+ - Kemoplastika","robots":{"index":"index","follow":"follow","max-snippet":"max-snippet:-1","max-image-preview":"max-image-preview:large","max-video-preview":"max-video-preview:-1"},"canonical":"https:\/\/kemoplastika.hr\/index.php\/product\/proficid\/","og_locale":"hr_HR","og_type":"article","og_title":"Proficid+ - Kemoplastika","og_description":"Vodena otopina biocida i aditiva koja, kao dodatak zidnim disperzijskim bojama, u\u010dinkovito sprje\u010dava odnosno zaustavlja rast i razvoj ve\u0107ine najvi\u0161e ra\u0161irenih zidnih plijesni.","og_url":"https:\/\/kemoplastika.hr\/index.php\/product\/proficid\/","og_site_name":"Kemoplastika","article_publisher":"https:\/\/www.facebook.com\/profile.php?id=61559590600523","article_modified_time":"2025-03-27T11:00:42+00:00","og_image":[{"width":1000,"height":749,"url":"https:\/\/kemoplastika.hr\/wp-content\/uploads\/2024\/02\/Proficid-1L-WEB.png","type":"image\/png"}],"twitter_card":"summary_large_image","twitter_misc":{"Procijenjeno vrijeme \u010ditanja":"1 minuta"},"schema":{"@context":"https:\/\/schema.org","@graph":[{"@type":"WebPage","@id":"https:\/\/kemoplastika.hr\/index.php\/product\/proficid\/","url":"https:\/\/kemoplastika.hr\/index.php\/product\/proficid\/","name":"Proficid+ - Kemoplastika","isPartOf":{"@id":"https:\/\/kemoplastika.hr\/#website"},"primaryImageOfPage":{"@id":"https:\/\/kemoplastika.hr\/index.php\/product\/proficid\/#primaryimage"},"image":{"@id":"https:\/\/kemoplastika.hr\/index.php\/product\/proficid\/#primaryimage"},"thumbnailUrl":"https:\/\/kemoplastika.hr\/wp-content\/uploads\/2024\/02\/Proficid-1L-WEB.png","datePublished":"2024-02-25T07:45:44+00:00","dateModified":"2025-03-27T11:00:42+00:00","breadcrumb":{"@id":"https:\/\/kemoplastika.hr\/index.php\/product\/proficid\/#breadcrumb"},"inLanguage":"hr","potentialAction":[{"@type":"ReadAction","target":["https:\/\/kemoplastika.hr\/index.php\/product\/proficid\/"]}]},{"@type":"ImageObject","inLanguage":"hr","@id":"https:\/\/kemoplastika.hr\/index.php\/product\/proficid\/#primaryimage","url":"https:\/\/kemoplastika.hr\/wp-content\/uploads\/2024\/02\/Proficid-1L-WEB.png","contentUrl":"https:\/\/kemoplastika.hr\/wp-content\/uploads\/2024\/02\/Proficid-1L-WEB.png","width":1000,"height":749},{"@type":"BreadcrumbList","@id":"https:\/\/kemoplastika.hr\/index.php\/product\/proficid\/#breadcrumb","itemListElement":[{"@type":"ListItem","position":1,"name":"Po\u010detna stranica","item":"https:\/\/kemoplastika.hr\/"},{"@type":"ListItem","position":2,"name":"Trgovina","item":"https:\/\/kemoplastika.hr\/index.php\/trgovina\/"},{"@type":"ListItem","position":3,"name":"Proficid+"}]},{"@type":"WebSite","@id":"https:\/\/kemoplastika.hr\/#website","url":"https:\/\/kemoplastika.hr\/","name":"Kemoplastika","description":"Dezinfekcija, gradnja, auto-moto, \u010di\u0161\u0107enje, ambala\u017ea","publisher":{"@id":"https:\/\/kemoplastika.hr\/#organization"},"potentialAction":[{"@type":"SearchAction","target":{"@type":"EntryPoint","urlTemplate":"https:\/\/kemoplastika.hr\/?s={search_term_string}"},"query-input":{"@type":"PropertyValueSpecification","valueRequired":true,"valueName":"search_term_string"}}],"inLanguage":"hr"},{"@type":"Organization","@id":"https:\/\/kemoplastika.hr\/#organization","name":"Kemoplastika","url":"https:\/\/kemoplastika.hr\/","logo":{"@type":"ImageObject","inLanguage":"hr","@id":"https:\/\/kemoplastika.hr\/#\/schema\/logo\/image\/","url":"https:\/\/kemoplastika.hr\/wp-content\/uploads\/2025\/09\/logo.svg","contentUrl":"https:\/\/kemoplastika.hr\/wp-content\/uploads\/2025\/09\/logo.svg","width":100,"height":100,"caption":"Kemoplastika"},"image":{"@id":"https:\/\/kemoplastika.hr\/#\/schema\/logo\/image\/"},"sameAs":["https:\/\/www.facebook.com\/profile.php?id=61559590600523"]}]}},"_links":{"self":[{"href":"https:\/\/kemoplastika.hr\/index.php\/wp-json\/wp\/v2\/product\/5722","targetHints":{"allow":["GET"]}}],"collection":[{"href":"https:\/\/kemoplastika.hr\/index.php\/wp-json\/wp\/v2\/product"}],"about":[{"href":"https:\/\/kemoplastika.hr\/index.php\/wp-json\/wp\/v2\/types\/product"}],"replies":[{"embeddable":true,"href":"https:\/\/kemoplastika.hr\/index.php\/wp-json\/wp\/v2\/comments?post=5722"}],"version-history":[{"count":1,"href":"https:\/\/kemoplastika.hr\/index.php\/wp-json\/wp\/v2\/product\/5722\/revisions"}],"predecessor-version":[{"id":5730,"href":"https:\/\/kemoplastika.hr\/index.php\/wp-json\/wp\/v2\/product\/5722\/revisions\/5730"}],"wp:featuredmedia":[{"embeddable":true,"href":"https:\/\/kemoplastika.hr\/index.php\/wp-json\/wp\/v2\/media\/7637"}],"wp:attachment":[{"href":"https:\/\/kemoplastika.hr\/index.php\/wp-json\/wp\/v2\/media?parent=5722"}],"wp:term":[{"taxonomy":"brand","embeddable":true,"href":"https:\/\/kemoplastika.hr\/index.php\/wp-json\/wp\/v2\/etheme_brands?post=5722"},{"taxonomy":"product_brand","embeddable":true,"href":"https:\/\/kemoplastika.hr\/index.php\/wp-json\/wp\/v2\/product_brand?post=5722"},{"taxonomy":"product_cat","embeddable":true,"href":"https:\/\/kemoplastika.hr\/index.php\/wp-json\/wp\/v2\/product_cat?post=5722"},{"taxonomy":"product_tag","embeddable":true,"href":"https:\/\/kemoplastika.hr\/index.php\/wp-json\/wp\/v2\/product_tag?post=5722"}],"curies":[{"name":"wp","href":"https:\/\/api.w.org\/{rel}","templated":true}]}}