{"id":5567,"date":"2024-02-25T08:00:30","date_gmt":"2024-02-25T08:00:30","guid":{"rendered":"https:\/\/test.kemoplastika.hr\/?post_type=product&#038;p=5567"},"modified":"2025-02-13T09:08:08","modified_gmt":"2025-02-13T09:08:08","slug":"kristalna-soda","status":"publish","type":"product","link":"https:\/\/kemoplastika.hr\/index.php\/product\/kristalna-soda\/","title":{"rendered":"Kristalna soda"},"content":{"rendered":"<p>Koristi se za \u010di\u0161\u0107enje i pranje drvene, staklene, inox, kerami\u010dke ambala\u017ee i povr\u0161ina.<\/p>\n","protected":false},"excerpt":{"rendered":"<p>Koristi se za \u010di\u0161\u0107enje i pranje drvene, staklene, inox, kerami\u010dke ambala\u017ee i povr\u0161ina.<\/p>\n","protected":false},"featured_media":5568,"comment_status":"open","ping_status":"closed","template":"","meta":[],"etheme_brands":[],"product_brand":[],"product_cat":[25],"product_tag":[],"class_list":{"0":"post-5567","1":"product","2":"type-product","3":"status-publish","4":"has-post-thumbnail","6":"product_cat-gradevinska-kemija","8":"first","9":"instock","10":"shipping-taxable","11":"purchasable","12":"product-type-simple"},"yoast_head":"<!-- This site is optimized with the Yoast SEO plugin v27.4 - https:\/\/yoast.com\/product\/yoast-seo-wordpress\/ -->\n<title>Kristalna soda - Kemoplastika<\/title>\n<meta name=\"robots\" content=\"index, follow, max-snippet:-1, max-image-preview:large, max-video-preview:-1\" \/>\n<link rel=\"canonical\" href=\"https:\/\/kemoplastika.hr\/index.php\/product\/kristalna-soda\/\" \/>\n<meta property=\"og:locale\" content=\"hr_HR\" \/>\n<meta property=\"og:type\" content=\"article\" \/>\n<meta property=\"og:title\" content=\"Kristalna soda - Kemoplastika\" \/>\n<meta property=\"og:description\" content=\"Koristi se za \u010di\u0161\u0107enje i pranje drvene, staklene, inox, kerami\u010dke ambala\u017ee i povr\u0161ina.\" \/>\n<meta property=\"og:url\" content=\"https:\/\/kemoplastika.hr\/index.php\/product\/kristalna-soda\/\" \/>\n<meta property=\"og:site_name\" content=\"Kemoplastika\" \/>\n<meta property=\"article:publisher\" content=\"https:\/\/www.facebook.com\/profile.php?id=61559590600523\" \/>\n<meta property=\"article:modified_time\" content=\"2025-02-13T09:08:08+00:00\" \/>\n<meta property=\"og:image\" content=\"https:\/\/kemoplastika.hr\/wp-content\/uploads\/2024\/02\/Kristalna-soda-1-kg_2018.jpg\" \/>\n\t<meta property=\"og:image:width\" content=\"586\" \/>\n\t<meta property=\"og:image:height\" content=\"439\" \/>\n\t<meta property=\"og:image:type\" content=\"image\/jpeg\" \/>\n<meta name=\"twitter:card\" content=\"summary_large_image\" \/>\n<script type=\"application\/ld+json\" class=\"yoast-schema-graph\">{\"@context\":\"https:\\\/\\\/schema.org\",\"@graph\":[{\"@type\":\"WebPage\",\"@id\":\"https:\\\/\\\/kemoplastika.hr\\\/index.php\\\/product\\\/kristalna-soda\\\/\",\"url\":\"https:\\\/\\\/kemoplastika.hr\\\/index.php\\\/product\\\/kristalna-soda\\\/\",\"name\":\"Kristalna soda - Kemoplastika\",\"isPartOf\":{\"@id\":\"https:\\\/\\\/kemoplastika.hr\\\/#website\"},\"primaryImageOfPage\":{\"@id\":\"https:\\\/\\\/kemoplastika.hr\\\/index.php\\\/product\\\/kristalna-soda\\\/#primaryimage\"},\"image\":{\"@id\":\"https:\\\/\\\/kemoplastika.hr\\\/index.php\\\/product\\\/kristalna-soda\\\/#primaryimage\"},\"thumbnailUrl\":\"https:\\\/\\\/kemoplastika.hr\\\/wp-content\\\/uploads\\\/2024\\\/02\\\/Kristalna-soda-1-kg_2018.jpg\",\"datePublished\":\"2024-02-25T08:00:30+00:00\",\"dateModified\":\"2025-02-13T09:08:08+00:00\",\"breadcrumb\":{\"@id\":\"https:\\\/\\\/kemoplastika.hr\\\/index.php\\\/product\\\/kristalna-soda\\\/#breadcrumb\"},\"inLanguage\":\"hr\",\"potentialAction\":[{\"@type\":\"ReadAction\",\"target\":[\"https:\\\/\\\/kemoplastika.hr\\\/index.php\\\/product\\\/kristalna-soda\\\/\"]}]},{\"@type\":\"ImageObject\",\"inLanguage\":\"hr\",\"@id\":\"https:\\\/\\\/kemoplastika.hr\\\/index.php\\\/product\\\/kristalna-soda\\\/#primaryimage\",\"url\":\"https:\\\/\\\/kemoplastika.hr\\\/wp-content\\\/uploads\\\/2024\\\/02\\\/Kristalna-soda-1-kg_2018.jpg\",\"contentUrl\":\"https:\\\/\\\/kemoplastika.hr\\\/wp-content\\\/uploads\\\/2024\\\/02\\\/Kristalna-soda-1-kg_2018.jpg\",\"width\":586,\"height\":439},{\"@type\":\"BreadcrumbList\",\"@id\":\"https:\\\/\\\/kemoplastika.hr\\\/index.php\\\/product\\\/kristalna-soda\\\/#breadcrumb\",\"itemListElement\":[{\"@type\":\"ListItem\",\"position\":1,\"name\":\"Po\u010detna stranica\",\"item\":\"https:\\\/\\\/kemoplastika.hr\\\/\"},{\"@type\":\"ListItem\",\"position\":2,\"name\":\"Trgovina\",\"item\":\"https:\\\/\\\/kemoplastika.hr\\\/index.php\\\/trgovina\\\/\"},{\"@type\":\"ListItem\",\"position\":3,\"name\":\"Kristalna soda\"}]},{\"@type\":\"WebSite\",\"@id\":\"https:\\\/\\\/kemoplastika.hr\\\/#website\",\"url\":\"https:\\\/\\\/kemoplastika.hr\\\/\",\"name\":\"Kemoplastika\",\"description\":\"Dezinfekcija, gradnja, auto-moto, \u010di\u0161\u0107enje, ambala\u017ea\",\"publisher\":{\"@id\":\"https:\\\/\\\/kemoplastika.hr\\\/#organization\"},\"potentialAction\":[{\"@type\":\"SearchAction\",\"target\":{\"@type\":\"EntryPoint\",\"urlTemplate\":\"https:\\\/\\\/kemoplastika.hr\\\/?s={search_term_string}\"},\"query-input\":{\"@type\":\"PropertyValueSpecification\",\"valueRequired\":true,\"valueName\":\"search_term_string\"}}],\"inLanguage\":\"hr\"},{\"@type\":\"Organization\",\"@id\":\"https:\\\/\\\/kemoplastika.hr\\\/#organization\",\"name\":\"Kemoplastika\",\"url\":\"https:\\\/\\\/kemoplastika.hr\\\/\",\"logo\":{\"@type\":\"ImageObject\",\"inLanguage\":\"hr\",\"@id\":\"https:\\\/\\\/kemoplastika.hr\\\/#\\\/schema\\\/logo\\\/image\\\/\",\"url\":\"https:\\\/\\\/kemoplastika.hr\\\/wp-content\\\/uploads\\\/2025\\\/09\\\/logo.svg\",\"contentUrl\":\"https:\\\/\\\/kemoplastika.hr\\\/wp-content\\\/uploads\\\/2025\\\/09\\\/logo.svg\",\"width\":100,\"height\":100,\"caption\":\"Kemoplastika\"},\"image\":{\"@id\":\"https:\\\/\\\/kemoplastika.hr\\\/#\\\/schema\\\/logo\\\/image\\\/\"},\"sameAs\":[\"https:\\\/\\\/www.facebook.com\\\/profile.php?id=61559590600523\"]}]}<\/script>\n<!-- \/ Yoast SEO plugin. -->","yoast_head_json":{"title":"Kristalna soda - Kemoplastika","robots":{"index":"index","follow":"follow","max-snippet":"max-snippet:-1","max-image-preview":"max-image-preview:large","max-video-preview":"max-video-preview:-1"},"canonical":"https:\/\/kemoplastika.hr\/index.php\/product\/kristalna-soda\/","og_locale":"hr_HR","og_type":"article","og_title":"Kristalna soda - Kemoplastika","og_description":"Koristi se za \u010di\u0161\u0107enje i pranje drvene, staklene, inox, kerami\u010dke ambala\u017ee i povr\u0161ina.","og_url":"https:\/\/kemoplastika.hr\/index.php\/product\/kristalna-soda\/","og_site_name":"Kemoplastika","article_publisher":"https:\/\/www.facebook.com\/profile.php?id=61559590600523","article_modified_time":"2025-02-13T09:08:08+00:00","og_image":[{"width":586,"height":439,"url":"https:\/\/kemoplastika.hr\/wp-content\/uploads\/2024\/02\/Kristalna-soda-1-kg_2018.jpg","type":"image\/jpeg"}],"twitter_card":"summary_large_image","schema":{"@context":"https:\/\/schema.org","@graph":[{"@type":"WebPage","@id":"https:\/\/kemoplastika.hr\/index.php\/product\/kristalna-soda\/","url":"https:\/\/kemoplastika.hr\/index.php\/product\/kristalna-soda\/","name":"Kristalna soda - Kemoplastika","isPartOf":{"@id":"https:\/\/kemoplastika.hr\/#website"},"primaryImageOfPage":{"@id":"https:\/\/kemoplastika.hr\/index.php\/product\/kristalna-soda\/#primaryimage"},"image":{"@id":"https:\/\/kemoplastika.hr\/index.php\/product\/kristalna-soda\/#primaryimage"},"thumbnailUrl":"https:\/\/kemoplastika.hr\/wp-content\/uploads\/2024\/02\/Kristalna-soda-1-kg_2018.jpg","datePublished":"2024-02-25T08:00:30+00:00","dateModified":"2025-02-13T09:08:08+00:00","breadcrumb":{"@id":"https:\/\/kemoplastika.hr\/index.php\/product\/kristalna-soda\/#breadcrumb"},"inLanguage":"hr","potentialAction":[{"@type":"ReadAction","target":["https:\/\/kemoplastika.hr\/index.php\/product\/kristalna-soda\/"]}]},{"@type":"ImageObject","inLanguage":"hr","@id":"https:\/\/kemoplastika.hr\/index.php\/product\/kristalna-soda\/#primaryimage","url":"https:\/\/kemoplastika.hr\/wp-content\/uploads\/2024\/02\/Kristalna-soda-1-kg_2018.jpg","contentUrl":"https:\/\/kemoplastika.hr\/wp-content\/uploads\/2024\/02\/Kristalna-soda-1-kg_2018.jpg","width":586,"height":439},{"@type":"BreadcrumbList","@id":"https:\/\/kemoplastika.hr\/index.php\/product\/kristalna-soda\/#breadcrumb","itemListElement":[{"@type":"ListItem","position":1,"name":"Po\u010detna stranica","item":"https:\/\/kemoplastika.hr\/"},{"@type":"ListItem","position":2,"name":"Trgovina","item":"https:\/\/kemoplastika.hr\/index.php\/trgovina\/"},{"@type":"ListItem","position":3,"name":"Kristalna soda"}]},{"@type":"WebSite","@id":"https:\/\/kemoplastika.hr\/#website","url":"https:\/\/kemoplastika.hr\/","name":"Kemoplastika","description":"Dezinfekcija, gradnja, auto-moto, \u010di\u0161\u0107enje, ambala\u017ea","publisher":{"@id":"https:\/\/kemoplastika.hr\/#organization"},"potentialAction":[{"@type":"SearchAction","target":{"@type":"EntryPoint","urlTemplate":"https:\/\/kemoplastika.hr\/?s={search_term_string}"},"query-input":{"@type":"PropertyValueSpecification","valueRequired":true,"valueName":"search_term_string"}}],"inLanguage":"hr"},{"@type":"Organization","@id":"https:\/\/kemoplastika.hr\/#organization","name":"Kemoplastika","url":"https:\/\/kemoplastika.hr\/","logo":{"@type":"ImageObject","inLanguage":"hr","@id":"https:\/\/kemoplastika.hr\/#\/schema\/logo\/image\/","url":"https:\/\/kemoplastika.hr\/wp-content\/uploads\/2025\/09\/logo.svg","contentUrl":"https:\/\/kemoplastika.hr\/wp-content\/uploads\/2025\/09\/logo.svg","width":100,"height":100,"caption":"Kemoplastika"},"image":{"@id":"https:\/\/kemoplastika.hr\/#\/schema\/logo\/image\/"},"sameAs":["https:\/\/www.facebook.com\/profile.php?id=61559590600523"]}]}},"_links":{"self":[{"href":"https:\/\/kemoplastika.hr\/index.php\/wp-json\/wp\/v2\/product\/5567","targetHints":{"allow":["GET"]}}],"collection":[{"href":"https:\/\/kemoplastika.hr\/index.php\/wp-json\/wp\/v2\/product"}],"about":[{"href":"https:\/\/kemoplastika.hr\/index.php\/wp-json\/wp\/v2\/types\/product"}],"replies":[{"embeddable":true,"href":"https:\/\/kemoplastika.hr\/index.php\/wp-json\/wp\/v2\/comments?post=5567"}],"version-history":[{"count":1,"href":"https:\/\/kemoplastika.hr\/index.php\/wp-json\/wp\/v2\/product\/5567\/revisions"}],"predecessor-version":[{"id":5572,"href":"https:\/\/kemoplastika.hr\/index.php\/wp-json\/wp\/v2\/product\/5567\/revisions\/5572"}],"wp:featuredmedia":[{"embeddable":true,"href":"https:\/\/kemoplastika.hr\/index.php\/wp-json\/wp\/v2\/media\/5568"}],"wp:attachment":[{"href":"https:\/\/kemoplastika.hr\/index.php\/wp-json\/wp\/v2\/media?parent=5567"}],"wp:term":[{"taxonomy":"brand","embeddable":true,"href":"https:\/\/kemoplastika.hr\/index.php\/wp-json\/wp\/v2\/etheme_brands?post=5567"},{"taxonomy":"product_brand","embeddable":true,"href":"https:\/\/kemoplastika.hr\/index.php\/wp-json\/wp\/v2\/product_brand?post=5567"},{"taxonomy":"product_cat","embeddable":true,"href":"https:\/\/kemoplastika.hr\/index.php\/wp-json\/wp\/v2\/product_cat?post=5567"},{"taxonomy":"product_tag","embeddable":true,"href":"https:\/\/kemoplastika.hr\/index.php\/wp-json\/wp\/v2\/product_tag?post=5567"}],"curies":[{"name":"wp","href":"https:\/\/api.w.org\/{rel}","templated":true}]}}