{"id":5557,"date":"2024-02-25T07:51:07","date_gmt":"2024-02-25T07:51:07","guid":{"rendered":"https:\/\/test.kemoplastika.hr\/?post_type=product&#038;p=5557"},"modified":"2026-02-18T07:37:20","modified_gmt":"2026-02-18T07:37:20","slug":"smola-za-popravke-komponenta-a","status":"publish","type":"product","link":"https:\/\/kemoplastika.hr\/index.php\/product\/smola-za-popravke-komponenta-a\/","title":{"rendered":"Smola za popravke &#8211; komponenta A"},"content":{"rendered":"<p>Nezasi\u0107ena poliesterska smola (komponenta A), za popravke i doradu dijelova izra\u0111enih od stakloplastike, drva i \u017eeljeza, te za izradu niza kompozitnih proizvoda. Pogodna je za \u0161pricanje i ru\u010dno nano\u0161enje.<\/p>\n<p>Koristiti isklju\u010divo uz Kemoplastika <a href=\"https:\/\/kemoplastika.hr\/index.php\/product\/katalizator-za-popravke-komponenta-b\/\">Katalizator-komponenta B<\/a>, na na\u010din naveden u uputi o uporabi koja se nalazi otisnuta na katalizatoru.<\/p>\n","protected":false},"excerpt":{"rendered":"<p>Koristiti isklju\u010divo uz Kemoplastika <a href=\"https:\/\/kemoplastika.hr\/proizvod\/katalizator-za-popravke-komponenta-b\/\">Katalizator-komponenta B<\/a>, na na\u010din naveden u uputi o uporabi koja se nalazi otisnuta na katalizatoru.<\/p>\n","protected":false},"featured_media":8623,"comment_status":"open","ping_status":"closed","template":"","meta":[],"etheme_brands":[],"product_brand":[],"product_cat":[25],"product_tag":[],"class_list":{"0":"post-5557","1":"product","2":"type-product","3":"status-publish","4":"has-post-thumbnail","6":"product_cat-gradevinska-kemija","8":"first","9":"instock","10":"shipping-taxable","11":"purchasable","12":"product-type-variable"},"yoast_head":"<!-- This site is optimized with the Yoast SEO plugin v27.4 - https:\/\/yoast.com\/product\/yoast-seo-wordpress\/ -->\n<title>Smola za popravke - komponenta A - Kemoplastika<\/title>\n<meta name=\"robots\" content=\"index, follow, max-snippet:-1, max-image-preview:large, max-video-preview:-1\" \/>\n<link rel=\"canonical\" href=\"https:\/\/kemoplastika.hr\/index.php\/product\/smola-za-popravke-komponenta-a\/\" \/>\n<meta property=\"og:locale\" content=\"hr_HR\" \/>\n<meta property=\"og:type\" content=\"article\" \/>\n<meta property=\"og:title\" content=\"Smola za popravke - komponenta A - Kemoplastika\" \/>\n<meta property=\"og:description\" content=\"Koristiti isklju\u010divo uz Kemoplastika Katalizator-komponenta B, na na\u010din naveden u uputi o uporabi koja se nalazi otisnuta na katalizatoru.\" \/>\n<meta property=\"og:url\" content=\"https:\/\/kemoplastika.hr\/index.php\/product\/smola-za-popravke-komponenta-a\/\" \/>\n<meta property=\"og:site_name\" content=\"Kemoplastika\" \/>\n<meta property=\"article:publisher\" content=\"https:\/\/www.facebook.com\/profile.php?id=61559590600523\" \/>\n<meta property=\"article:modified_time\" content=\"2026-02-18T07:37:20+00:00\" \/>\n<meta property=\"og:image\" content=\"https:\/\/kemoplastika.hr\/wp-content\/uploads\/2024\/02\/poliesterska-smola-kemoplastika-1.webp\" \/>\n\t<meta property=\"og:image:width\" content=\"1000\" \/>\n\t<meta property=\"og:image:height\" content=\"750\" \/>\n\t<meta property=\"og:image:type\" content=\"image\/webp\" \/>\n<meta name=\"twitter:card\" content=\"summary_large_image\" \/>\n<script type=\"application\/ld+json\" class=\"yoast-schema-graph\">{\"@context\":\"https:\\\/\\\/schema.org\",\"@graph\":[{\"@type\":\"WebPage\",\"@id\":\"https:\\\/\\\/kemoplastika.hr\\\/index.php\\\/product\\\/smola-za-popravke-komponenta-a\\\/\",\"url\":\"https:\\\/\\\/kemoplastika.hr\\\/index.php\\\/product\\\/smola-za-popravke-komponenta-a\\\/\",\"name\":\"Smola za popravke - komponenta A - Kemoplastika\",\"isPartOf\":{\"@id\":\"https:\\\/\\\/kemoplastika.hr\\\/#website\"},\"primaryImageOfPage\":{\"@id\":\"https:\\\/\\\/kemoplastika.hr\\\/index.php\\\/product\\\/smola-za-popravke-komponenta-a\\\/#primaryimage\"},\"image\":{\"@id\":\"https:\\\/\\\/kemoplastika.hr\\\/index.php\\\/product\\\/smola-za-popravke-komponenta-a\\\/#primaryimage\"},\"thumbnailUrl\":\"https:\\\/\\\/kemoplastika.hr\\\/wp-content\\\/uploads\\\/2024\\\/02\\\/poliesterska-smola-kemoplastika-1.webp\",\"datePublished\":\"2024-02-25T07:51:07+00:00\",\"dateModified\":\"2026-02-18T07:37:20+00:00\",\"breadcrumb\":{\"@id\":\"https:\\\/\\\/kemoplastika.hr\\\/index.php\\\/product\\\/smola-za-popravke-komponenta-a\\\/#breadcrumb\"},\"inLanguage\":\"hr\",\"potentialAction\":[{\"@type\":\"ReadAction\",\"target\":[\"https:\\\/\\\/kemoplastika.hr\\\/index.php\\\/product\\\/smola-za-popravke-komponenta-a\\\/\"]}]},{\"@type\":\"ImageObject\",\"inLanguage\":\"hr\",\"@id\":\"https:\\\/\\\/kemoplastika.hr\\\/index.php\\\/product\\\/smola-za-popravke-komponenta-a\\\/#primaryimage\",\"url\":\"https:\\\/\\\/kemoplastika.hr\\\/wp-content\\\/uploads\\\/2024\\\/02\\\/poliesterska-smola-kemoplastika-1.webp\",\"contentUrl\":\"https:\\\/\\\/kemoplastika.hr\\\/wp-content\\\/uploads\\\/2024\\\/02\\\/poliesterska-smola-kemoplastika-1.webp\",\"width\":1000,\"height\":750},{\"@type\":\"BreadcrumbList\",\"@id\":\"https:\\\/\\\/kemoplastika.hr\\\/index.php\\\/product\\\/smola-za-popravke-komponenta-a\\\/#breadcrumb\",\"itemListElement\":[{\"@type\":\"ListItem\",\"position\":1,\"name\":\"Po\u010detna stranica\",\"item\":\"https:\\\/\\\/kemoplastika.hr\\\/\"},{\"@type\":\"ListItem\",\"position\":2,\"name\":\"Trgovina\",\"item\":\"https:\\\/\\\/kemoplastika.hr\\\/index.php\\\/trgovina\\\/\"},{\"@type\":\"ListItem\",\"position\":3,\"name\":\"Smola za popravke &#8211; komponenta A\"}]},{\"@type\":\"WebSite\",\"@id\":\"https:\\\/\\\/kemoplastika.hr\\\/#website\",\"url\":\"https:\\\/\\\/kemoplastika.hr\\\/\",\"name\":\"Kemoplastika\",\"description\":\"Dezinfekcija, gradnja, auto-moto, \u010di\u0161\u0107enje, ambala\u017ea\",\"publisher\":{\"@id\":\"https:\\\/\\\/kemoplastika.hr\\\/#organization\"},\"potentialAction\":[{\"@type\":\"SearchAction\",\"target\":{\"@type\":\"EntryPoint\",\"urlTemplate\":\"https:\\\/\\\/kemoplastika.hr\\\/?s={search_term_string}\"},\"query-input\":{\"@type\":\"PropertyValueSpecification\",\"valueRequired\":true,\"valueName\":\"search_term_string\"}}],\"inLanguage\":\"hr\"},{\"@type\":\"Organization\",\"@id\":\"https:\\\/\\\/kemoplastika.hr\\\/#organization\",\"name\":\"Kemoplastika\",\"url\":\"https:\\\/\\\/kemoplastika.hr\\\/\",\"logo\":{\"@type\":\"ImageObject\",\"inLanguage\":\"hr\",\"@id\":\"https:\\\/\\\/kemoplastika.hr\\\/#\\\/schema\\\/logo\\\/image\\\/\",\"url\":\"https:\\\/\\\/kemoplastika.hr\\\/wp-content\\\/uploads\\\/2025\\\/09\\\/logo.svg\",\"contentUrl\":\"https:\\\/\\\/kemoplastika.hr\\\/wp-content\\\/uploads\\\/2025\\\/09\\\/logo.svg\",\"width\":100,\"height\":100,\"caption\":\"Kemoplastika\"},\"image\":{\"@id\":\"https:\\\/\\\/kemoplastika.hr\\\/#\\\/schema\\\/logo\\\/image\\\/\"},\"sameAs\":[\"https:\\\/\\\/www.facebook.com\\\/profile.php?id=61559590600523\"]}]}<\/script>\n<!-- \/ Yoast SEO plugin. -->","yoast_head_json":{"title":"Smola za popravke - komponenta A - Kemoplastika","robots":{"index":"index","follow":"follow","max-snippet":"max-snippet:-1","max-image-preview":"max-image-preview:large","max-video-preview":"max-video-preview:-1"},"canonical":"https:\/\/kemoplastika.hr\/index.php\/product\/smola-za-popravke-komponenta-a\/","og_locale":"hr_HR","og_type":"article","og_title":"Smola za popravke - komponenta A - Kemoplastika","og_description":"Koristiti isklju\u010divo uz Kemoplastika Katalizator-komponenta B, na na\u010din naveden u uputi o uporabi koja se nalazi otisnuta na katalizatoru.","og_url":"https:\/\/kemoplastika.hr\/index.php\/product\/smola-za-popravke-komponenta-a\/","og_site_name":"Kemoplastika","article_publisher":"https:\/\/www.facebook.com\/profile.php?id=61559590600523","article_modified_time":"2026-02-18T07:37:20+00:00","og_image":[{"width":1000,"height":750,"url":"https:\/\/kemoplastika.hr\/wp-content\/uploads\/2024\/02\/poliesterska-smola-kemoplastika-1.webp","type":"image\/webp"}],"twitter_card":"summary_large_image","schema":{"@context":"https:\/\/schema.org","@graph":[{"@type":"WebPage","@id":"https:\/\/kemoplastika.hr\/index.php\/product\/smola-za-popravke-komponenta-a\/","url":"https:\/\/kemoplastika.hr\/index.php\/product\/smola-za-popravke-komponenta-a\/","name":"Smola za popravke - komponenta A - Kemoplastika","isPartOf":{"@id":"https:\/\/kemoplastika.hr\/#website"},"primaryImageOfPage":{"@id":"https:\/\/kemoplastika.hr\/index.php\/product\/smola-za-popravke-komponenta-a\/#primaryimage"},"image":{"@id":"https:\/\/kemoplastika.hr\/index.php\/product\/smola-za-popravke-komponenta-a\/#primaryimage"},"thumbnailUrl":"https:\/\/kemoplastika.hr\/wp-content\/uploads\/2024\/02\/poliesterska-smola-kemoplastika-1.webp","datePublished":"2024-02-25T07:51:07+00:00","dateModified":"2026-02-18T07:37:20+00:00","breadcrumb":{"@id":"https:\/\/kemoplastika.hr\/index.php\/product\/smola-za-popravke-komponenta-a\/#breadcrumb"},"inLanguage":"hr","potentialAction":[{"@type":"ReadAction","target":["https:\/\/kemoplastika.hr\/index.php\/product\/smola-za-popravke-komponenta-a\/"]}]},{"@type":"ImageObject","inLanguage":"hr","@id":"https:\/\/kemoplastika.hr\/index.php\/product\/smola-za-popravke-komponenta-a\/#primaryimage","url":"https:\/\/kemoplastika.hr\/wp-content\/uploads\/2024\/02\/poliesterska-smola-kemoplastika-1.webp","contentUrl":"https:\/\/kemoplastika.hr\/wp-content\/uploads\/2024\/02\/poliesterska-smola-kemoplastika-1.webp","width":1000,"height":750},{"@type":"BreadcrumbList","@id":"https:\/\/kemoplastika.hr\/index.php\/product\/smola-za-popravke-komponenta-a\/#breadcrumb","itemListElement":[{"@type":"ListItem","position":1,"name":"Po\u010detna stranica","item":"https:\/\/kemoplastika.hr\/"},{"@type":"ListItem","position":2,"name":"Trgovina","item":"https:\/\/kemoplastika.hr\/index.php\/trgovina\/"},{"@type":"ListItem","position":3,"name":"Smola za popravke &#8211; komponenta A"}]},{"@type":"WebSite","@id":"https:\/\/kemoplastika.hr\/#website","url":"https:\/\/kemoplastika.hr\/","name":"Kemoplastika","description":"Dezinfekcija, gradnja, auto-moto, \u010di\u0161\u0107enje, ambala\u017ea","publisher":{"@id":"https:\/\/kemoplastika.hr\/#organization"},"potentialAction":[{"@type":"SearchAction","target":{"@type":"EntryPoint","urlTemplate":"https:\/\/kemoplastika.hr\/?s={search_term_string}"},"query-input":{"@type":"PropertyValueSpecification","valueRequired":true,"valueName":"search_term_string"}}],"inLanguage":"hr"},{"@type":"Organization","@id":"https:\/\/kemoplastika.hr\/#organization","name":"Kemoplastika","url":"https:\/\/kemoplastika.hr\/","logo":{"@type":"ImageObject","inLanguage":"hr","@id":"https:\/\/kemoplastika.hr\/#\/schema\/logo\/image\/","url":"https:\/\/kemoplastika.hr\/wp-content\/uploads\/2025\/09\/logo.svg","contentUrl":"https:\/\/kemoplastika.hr\/wp-content\/uploads\/2025\/09\/logo.svg","width":100,"height":100,"caption":"Kemoplastika"},"image":{"@id":"https:\/\/kemoplastika.hr\/#\/schema\/logo\/image\/"},"sameAs":["https:\/\/www.facebook.com\/profile.php?id=61559590600523"]}]}},"_links":{"self":[{"href":"https:\/\/kemoplastika.hr\/index.php\/wp-json\/wp\/v2\/product\/5557","targetHints":{"allow":["GET"]}}],"collection":[{"href":"https:\/\/kemoplastika.hr\/index.php\/wp-json\/wp\/v2\/product"}],"about":[{"href":"https:\/\/kemoplastika.hr\/index.php\/wp-json\/wp\/v2\/types\/product"}],"replies":[{"embeddable":true,"href":"https:\/\/kemoplastika.hr\/index.php\/wp-json\/wp\/v2\/comments?post=5557"}],"version-history":[{"count":2,"href":"https:\/\/kemoplastika.hr\/index.php\/wp-json\/wp\/v2\/product\/5557\/revisions"}],"predecessor-version":[{"id":8186,"href":"https:\/\/kemoplastika.hr\/index.php\/wp-json\/wp\/v2\/product\/5557\/revisions\/8186"}],"wp:featuredmedia":[{"embeddable":true,"href":"https:\/\/kemoplastika.hr\/index.php\/wp-json\/wp\/v2\/media\/8623"}],"wp:attachment":[{"href":"https:\/\/kemoplastika.hr\/index.php\/wp-json\/wp\/v2\/media?parent=5557"}],"wp:term":[{"taxonomy":"brand","embeddable":true,"href":"https:\/\/kemoplastika.hr\/index.php\/wp-json\/wp\/v2\/etheme_brands?post=5557"},{"taxonomy":"product_brand","embeddable":true,"href":"https:\/\/kemoplastika.hr\/index.php\/wp-json\/wp\/v2\/product_brand?post=5557"},{"taxonomy":"product_cat","embeddable":true,"href":"https:\/\/kemoplastika.hr\/index.php\/wp-json\/wp\/v2\/product_cat?post=5557"},{"taxonomy":"product_tag","embeddable":true,"href":"https:\/\/kemoplastika.hr\/index.php\/wp-json\/wp\/v2\/product_tag?post=5557"}],"curies":[{"name":"wp","href":"https:\/\/api.w.org\/{rel}","templated":true}]}}