{"id":7456,"date":"2024-07-24T07:16:46","date_gmt":"2024-07-24T07:16:46","guid":{"rendered":"https:\/\/kemoplastika.hr\/?page_id=7456"},"modified":"2024-07-24T07:19:13","modified_gmt":"2024-07-24T07:19:13","slug":"izjava-o-sigurnosti-online-placanja","status":"publish","type":"page","link":"https:\/\/kemoplastika.hr\/index.php\/izjava-o-sigurnosti-online-placanja\/","title":{"rendered":"Izjava o sigurnosti online pla\u0107anja"},"content":{"rendered":"\t\t<div data-elementor-type=\"wp-page\" data-elementor-id=\"7456\" class=\"elementor elementor-7456\">\n\t\t\t\t<div class=\"elementor-element elementor-element-5dbf627 e-flex e-con-boxed e-con e-parent\" data-id=\"5dbf627\" data-element_type=\"container\" data-e-type=\"container\">\n\t\t\t\t\t<div class=\"e-con-inner\">\n\t\t\t\t<div class=\"elementor-element elementor-element-d6898df elementor-widget elementor-widget-text-editor\" data-id=\"d6898df\" data-element_type=\"widget\" data-e-type=\"widget\" data-widget_type=\"text-editor.default\">\n\t\t\t\t<div class=\"elementor-widget-container\">\n\t\t\t\t\t\t\t\t\t<h2><strong>Izjava o sigurnosti online pla\u0107anja<\/strong><\/h2><p><br \/>Pri pla\u0107anju na na\u0161oj web trgovini koristite CorvusPay \u2013 napredni sustav za siguran prihvat platnih kartica putem interneta.CorvusPay sustav osigurava potpunu tajnost Va\u0161ih karti\u010dnih i osobnih podataka ve\u0107 od trenutka kada ih upi\u0161ete u CorvusPay platni formular. Platni podaci proslje\u0111uju se \u0161ifrirano od Va\u0161eg web preglednika do banke koja je izdala Va\u0161u karticu. Na\u0161a trgovina nikada ne dolazi u kontakt s cjelovitim podacima o Va\u0161oj platnoj kartici. Tako\u0111er, podaci su nedostupni \u010dak i djelatnicima CorvusPay sustava. Izolirana jezgra samostalno prenosi i upravlja osjetljivim podacima, \u010duvaju\u0107i ih pri tom potpuno sigurnima.<br \/>Formular za upis platnih podataka osiguran je SSL transportnom \u0161ifrom najve\u0107e pouzdanosti. Svi skladi\u0161teni podaci dodatno su za\u0161ti\u0107eni \u0161ifriranjem, kori\u0161tenjem kriptografskog ure\u0111aja certificiranog prema FIPS 140-2 Level 3 standardu. CorvusPay zadovoljava sve zahtjeve vezane uz sigurnost on-line pla\u0107anja propisane od strane vode\u0107ih karti\u010dnih brandova, odnosno posluje sukladno normi \u2013 PCI DSS Level 1 \u2013 najvi\u0161i sigurnosni standard industrije platnih kartica. Pri pla\u0107anju karticama uvr\u0161tenim u 3-D Secure program Va\u0161a banka uz valjanost same kartice dodatno potvr\u0111uje i Va\u0161 identitet pomo\u0107u tokena ili lozinke.<br \/>Corvus Pay sve prikupljene informacije smatra tajnom i tretira ih u skladu s tim. Informacije se koriste isklju\u010divo u svrhe za koje su namijenjene. Va\u0161i osjetljivi podaci u potpunosti su sigurni, a njihova privatnost zajam\u010dena je najmodernijim za\u0161titnim mehanizmima. Prikupljaju se samo podaci nu\u017eni za obavljanje posla sukladno propisanim zahtjevnim procedurama za on-line pla\u0107anje.<br \/>Sigurnosne kontrole i operativne procedure primijenjene na na\u0161u infrastrukturu osiguravaju trenutnu pouzdanost CorvusPay sustava. Uz to odr\u017eavanjem stroge kontrole pristupa, redovitim pra\u0107enjem sigurnosti i dubinskim provjerama za sprje\u010davanje ranjivosti mre\u017ee te planskim provo\u0111enjem odredbi o informacijskoj sigurnosti trajno odr\u017eavaju i unaprje\u0111uju stupanj sigurnosti sustava za\u0161titom Va\u0161ih karti\u010dnih podataka.<\/p><p><br \/>Hvala \u0161to koristite CorvusPay!<\/p>\t\t\t\t\t\t\t\t<\/div>\n\t\t\t\t<\/div>\n\t\t\t\t\t<\/div>\n\t\t\t\t<\/div>\n\t\t\t\t<\/div>\n\t\t","protected":false},"excerpt":{"rendered":"<p>Izjava o sigurnosti online pla\u0107anja Pri pla\u0107anju na na\u0161oj web trgovini koristite CorvusPay \u2013 napredni sustav za siguran prihvat platnih kartica putem interneta.CorvusPay sustav osigurava potpunu tajnost Va\u0161ih karti\u010dnih i osobnih podataka ve\u0107 od trenutka kada ih upi\u0161ete u CorvusPay platni formular. Platni podaci proslje\u0111uju se \u0161ifrirano od Va\u0161eg web preglednika do banke koja je izdala Va\u0161u karticu. Na\u0161a trgovina nikada ne dolazi u kontakt s cjelovitim podacima o Va\u0161oj platnoj kartici. Tako\u0111er, podaci su nedostupni \u010dak i djelatnicima CorvusPay sustava. Izolirana jezgra samostalno prenosi i upravlja osjetljivim podacima, \u010duvaju\u0107i ih pri tom potpuno sigurnima.Formular za upis platnih podataka osiguran&#8230;<\/p>\n","protected":false},"author":1,"featured_media":0,"parent":0,"menu_order":0,"comment_status":"closed","ping_status":"closed","template":"","meta":{"footnotes":""},"class_list":["post-7456","page","type-page","status-publish","hentry"],"yoast_head":"<!-- This site is optimized with the Yoast SEO plugin v27.6 - https:\/\/yoast.com\/product\/yoast-seo-wordpress\/ -->\n<title>Izjava o sigurnosti online pla\u0107anja - Kemoplastika<\/title>\n<meta name=\"robots\" content=\"index, follow, max-snippet:-1, max-image-preview:large, max-video-preview:-1\" \/>\n<link rel=\"canonical\" href=\"https:\/\/kemoplastika.hr\/index.php\/izjava-o-sigurnosti-online-placanja\/\" \/>\n<meta property=\"og:locale\" content=\"hr_HR\" \/>\n<meta property=\"og:type\" content=\"article\" \/>\n<meta property=\"og:title\" content=\"Izjava o sigurnosti online pla\u0107anja - Kemoplastika\" \/>\n<meta property=\"og:description\" content=\"Izjava o sigurnosti online pla\u0107anja Pri pla\u0107anju na na\u0161oj web trgovini koristite CorvusPay \u2013 napredni sustav za siguran prihvat platnih kartica putem interneta.CorvusPay sustav osigurava potpunu tajnost Va\u0161ih karti\u010dnih i osobnih podataka ve\u0107 od trenutka kada ih upi\u0161ete u CorvusPay platni formular. Platni podaci proslje\u0111uju se \u0161ifrirano od Va\u0161eg web preglednika do banke koja je izdala Va\u0161u karticu. Na\u0161a trgovina nikada ne dolazi u kontakt s cjelovitim podacima o Va\u0161oj platnoj kartici. Tako\u0111er, podaci su nedostupni \u010dak i djelatnicima CorvusPay sustava. Izolirana jezgra samostalno prenosi i upravlja osjetljivim podacima, \u010duvaju\u0107i ih pri tom potpuno sigurnima.Formular za upis platnih podataka osiguran...\" \/>\n<meta property=\"og:url\" content=\"https:\/\/kemoplastika.hr\/index.php\/izjava-o-sigurnosti-online-placanja\/\" \/>\n<meta property=\"og:site_name\" content=\"Kemoplastika\" \/>\n<meta property=\"article:publisher\" content=\"https:\/\/www.facebook.com\/profile.php?id=61559590600523\" \/>\n<meta property=\"article:modified_time\" content=\"2024-07-24T07:19:13+00:00\" \/>\n<meta name=\"twitter:card\" content=\"summary_large_image\" \/>\n<meta name=\"twitter:label1\" content=\"Procijenjeno vrijeme \u010ditanja\" \/>\n\t<meta name=\"twitter:data1\" content=\"2 minute\" \/>\n<script type=\"application\/ld+json\" class=\"yoast-schema-graph\">{\"@context\":\"https:\\\/\\\/schema.org\",\"@graph\":[{\"@type\":\"WebPage\",\"@id\":\"https:\\\/\\\/kemoplastika.hr\\\/index.php\\\/izjava-o-sigurnosti-online-placanja\\\/\",\"url\":\"https:\\\/\\\/kemoplastika.hr\\\/index.php\\\/izjava-o-sigurnosti-online-placanja\\\/\",\"name\":\"Izjava o sigurnosti online pla\u0107anja - Kemoplastika\",\"isPartOf\":{\"@id\":\"https:\\\/\\\/kemoplastika.hr\\\/#website\"},\"datePublished\":\"2024-07-24T07:16:46+00:00\",\"dateModified\":\"2024-07-24T07:19:13+00:00\",\"breadcrumb\":{\"@id\":\"https:\\\/\\\/kemoplastika.hr\\\/index.php\\\/izjava-o-sigurnosti-online-placanja\\\/#breadcrumb\"},\"inLanguage\":\"hr\",\"potentialAction\":[{\"@type\":\"ReadAction\",\"target\":[\"https:\\\/\\\/kemoplastika.hr\\\/index.php\\\/izjava-o-sigurnosti-online-placanja\\\/\"]}]},{\"@type\":\"BreadcrumbList\",\"@id\":\"https:\\\/\\\/kemoplastika.hr\\\/index.php\\\/izjava-o-sigurnosti-online-placanja\\\/#breadcrumb\",\"itemListElement\":[{\"@type\":\"ListItem\",\"position\":1,\"name\":\"Po\u010detna stranica\",\"item\":\"https:\\\/\\\/kemoplastika.hr\\\/\"},{\"@type\":\"ListItem\",\"position\":2,\"name\":\"Izjava o sigurnosti online pla\u0107anja\"}]},{\"@type\":\"WebSite\",\"@id\":\"https:\\\/\\\/kemoplastika.hr\\\/#website\",\"url\":\"https:\\\/\\\/kemoplastika.hr\\\/\",\"name\":\"Kemoplastika\",\"description\":\"Dezinfekcija, gradnja, auto-moto, \u010di\u0161\u0107enje, ambala\u017ea\",\"publisher\":{\"@id\":\"https:\\\/\\\/kemoplastika.hr\\\/#organization\"},\"potentialAction\":[{\"@type\":\"SearchAction\",\"target\":{\"@type\":\"EntryPoint\",\"urlTemplate\":\"https:\\\/\\\/kemoplastika.hr\\\/?s={search_term_string}\"},\"query-input\":{\"@type\":\"PropertyValueSpecification\",\"valueRequired\":true,\"valueName\":\"search_term_string\"}}],\"inLanguage\":\"hr\"},{\"@type\":\"Organization\",\"@id\":\"https:\\\/\\\/kemoplastika.hr\\\/#organization\",\"name\":\"Kemoplastika\",\"url\":\"https:\\\/\\\/kemoplastika.hr\\\/\",\"logo\":{\"@type\":\"ImageObject\",\"inLanguage\":\"hr\",\"@id\":\"https:\\\/\\\/kemoplastika.hr\\\/#\\\/schema\\\/logo\\\/image\\\/\",\"url\":\"https:\\\/\\\/kemoplastika.hr\\\/wp-content\\\/uploads\\\/2025\\\/09\\\/logo.svg\",\"contentUrl\":\"https:\\\/\\\/kemoplastika.hr\\\/wp-content\\\/uploads\\\/2025\\\/09\\\/logo.svg\",\"width\":100,\"height\":100,\"caption\":\"Kemoplastika\"},\"image\":{\"@id\":\"https:\\\/\\\/kemoplastika.hr\\\/#\\\/schema\\\/logo\\\/image\\\/\"},\"sameAs\":[\"https:\\\/\\\/www.facebook.com\\\/profile.php?id=61559590600523\"]}]}<\/script>\n<!-- \/ Yoast SEO plugin. -->","yoast_head_json":{"title":"Izjava o sigurnosti online pla\u0107anja - Kemoplastika","robots":{"index":"index","follow":"follow","max-snippet":"max-snippet:-1","max-image-preview":"max-image-preview:large","max-video-preview":"max-video-preview:-1"},"canonical":"https:\/\/kemoplastika.hr\/index.php\/izjava-o-sigurnosti-online-placanja\/","og_locale":"hr_HR","og_type":"article","og_title":"Izjava o sigurnosti online pla\u0107anja - Kemoplastika","og_description":"Izjava o sigurnosti online pla\u0107anja Pri pla\u0107anju na na\u0161oj web trgovini koristite CorvusPay \u2013 napredni sustav za siguran prihvat platnih kartica putem interneta.CorvusPay sustav osigurava potpunu tajnost Va\u0161ih karti\u010dnih i osobnih podataka ve\u0107 od trenutka kada ih upi\u0161ete u CorvusPay platni formular. Platni podaci proslje\u0111uju se \u0161ifrirano od Va\u0161eg web preglednika do banke koja je izdala Va\u0161u karticu. Na\u0161a trgovina nikada ne dolazi u kontakt s cjelovitim podacima o Va\u0161oj platnoj kartici. Tako\u0111er, podaci su nedostupni \u010dak i djelatnicima CorvusPay sustava. Izolirana jezgra samostalno prenosi i upravlja osjetljivim podacima, \u010duvaju\u0107i ih pri tom potpuno sigurnima.Formular za upis platnih podataka osiguran...","og_url":"https:\/\/kemoplastika.hr\/index.php\/izjava-o-sigurnosti-online-placanja\/","og_site_name":"Kemoplastika","article_publisher":"https:\/\/www.facebook.com\/profile.php?id=61559590600523","article_modified_time":"2024-07-24T07:19:13+00:00","twitter_card":"summary_large_image","twitter_misc":{"Procijenjeno vrijeme \u010ditanja":"2 minute"},"schema":{"@context":"https:\/\/schema.org","@graph":[{"@type":"WebPage","@id":"https:\/\/kemoplastika.hr\/index.php\/izjava-o-sigurnosti-online-placanja\/","url":"https:\/\/kemoplastika.hr\/index.php\/izjava-o-sigurnosti-online-placanja\/","name":"Izjava o sigurnosti online pla\u0107anja - Kemoplastika","isPartOf":{"@id":"https:\/\/kemoplastika.hr\/#website"},"datePublished":"2024-07-24T07:16:46+00:00","dateModified":"2024-07-24T07:19:13+00:00","breadcrumb":{"@id":"https:\/\/kemoplastika.hr\/index.php\/izjava-o-sigurnosti-online-placanja\/#breadcrumb"},"inLanguage":"hr","potentialAction":[{"@type":"ReadAction","target":["https:\/\/kemoplastika.hr\/index.php\/izjava-o-sigurnosti-online-placanja\/"]}]},{"@type":"BreadcrumbList","@id":"https:\/\/kemoplastika.hr\/index.php\/izjava-o-sigurnosti-online-placanja\/#breadcrumb","itemListElement":[{"@type":"ListItem","position":1,"name":"Po\u010detna stranica","item":"https:\/\/kemoplastika.hr\/"},{"@type":"ListItem","position":2,"name":"Izjava o sigurnosti online pla\u0107anja"}]},{"@type":"WebSite","@id":"https:\/\/kemoplastika.hr\/#website","url":"https:\/\/kemoplastika.hr\/","name":"Kemoplastika","description":"Dezinfekcija, gradnja, auto-moto, \u010di\u0161\u0107enje, ambala\u017ea","publisher":{"@id":"https:\/\/kemoplastika.hr\/#organization"},"potentialAction":[{"@type":"SearchAction","target":{"@type":"EntryPoint","urlTemplate":"https:\/\/kemoplastika.hr\/?s={search_term_string}"},"query-input":{"@type":"PropertyValueSpecification","valueRequired":true,"valueName":"search_term_string"}}],"inLanguage":"hr"},{"@type":"Organization","@id":"https:\/\/kemoplastika.hr\/#organization","name":"Kemoplastika","url":"https:\/\/kemoplastika.hr\/","logo":{"@type":"ImageObject","inLanguage":"hr","@id":"https:\/\/kemoplastika.hr\/#\/schema\/logo\/image\/","url":"https:\/\/kemoplastika.hr\/wp-content\/uploads\/2025\/09\/logo.svg","contentUrl":"https:\/\/kemoplastika.hr\/wp-content\/uploads\/2025\/09\/logo.svg","width":100,"height":100,"caption":"Kemoplastika"},"image":{"@id":"https:\/\/kemoplastika.hr\/#\/schema\/logo\/image\/"},"sameAs":["https:\/\/www.facebook.com\/profile.php?id=61559590600523"]}]}},"_links":{"self":[{"href":"https:\/\/kemoplastika.hr\/index.php\/wp-json\/wp\/v2\/pages\/7456","targetHints":{"allow":["GET"]}}],"collection":[{"href":"https:\/\/kemoplastika.hr\/index.php\/wp-json\/wp\/v2\/pages"}],"about":[{"href":"https:\/\/kemoplastika.hr\/index.php\/wp-json\/wp\/v2\/types\/page"}],"author":[{"embeddable":true,"href":"https:\/\/kemoplastika.hr\/index.php\/wp-json\/wp\/v2\/users\/1"}],"replies":[{"embeddable":true,"href":"https:\/\/kemoplastika.hr\/index.php\/wp-json\/wp\/v2\/comments?post=7456"}],"version-history":[{"count":4,"href":"https:\/\/kemoplastika.hr\/index.php\/wp-json\/wp\/v2\/pages\/7456\/revisions"}],"predecessor-version":[{"id":7460,"href":"https:\/\/kemoplastika.hr\/index.php\/wp-json\/wp\/v2\/pages\/7456\/revisions\/7460"}],"wp:attachment":[{"href":"https:\/\/kemoplastika.hr\/index.php\/wp-json\/wp\/v2\/media?parent=7456"}],"curies":[{"name":"wp","href":"https:\/\/api.w.org\/{rel}","templated":true}]}}