{"id":7130,"date":"2024-07-23T09:58:35","date_gmt":"2024-07-23T09:58:35","guid":{"rendered":"https:\/\/kemoplastika.hr\/?page_id=7130"},"modified":"2024-07-23T14:48:02","modified_gmt":"2024-07-23T14:48:02","slug":"opci-uvjeti-koristenja","status":"publish","type":"page","link":"https:\/\/kemoplastika.hr\/index.php\/opci-uvjeti-koristenja\/","title":{"rendered":"Op\u0107i uvjeti i odredbe"},"content":{"rendered":"\t\t<div data-elementor-type=\"wp-page\" data-elementor-id=\"7130\" class=\"elementor elementor-7130\" data-elementor-post-type=\"page\">\n\t\t\t\t<div class=\"elementor-element elementor-element-772d920 e-flex e-con-boxed e-con e-parent\" data-id=\"772d920\" data-element_type=\"container\" data-e-type=\"container\">\n\t\t\t\t\t<div class=\"e-con-inner\">\n\t\t\t\t<div class=\"elementor-element elementor-element-395bc07 elementor-widget elementor-widget-text-editor\" data-id=\"395bc07\" data-element_type=\"widget\" data-e-type=\"widget\" data-widget_type=\"text-editor.default\">\n\t\t\t\t<div class=\"elementor-widget-container\">\n\t\t\t\t\t\t\t\t\t<h2>Op\u0107i uvjeti i odredbe<\/h2><p>Svako kori\u0161tenje www.kemoplastika.hr\u00a0 internetske stranice u vlasni\u0161tvu Kemoplastika d.o.o. podlije\u017ee ispod navedenim uvjetima kori\u0161tenja. Dokumente, informacije i sadr\u017eaj s web stranice www.kemoplastika.hr (i\/ili s drugih internetskih stranica u vlasni\u0161tvu Kemoplastika d.o.o.) zabranjeno je kopirati, osim za osobnu uporabu i druge nekomercijalne svrhe, uz obavezno po\u0161tivanje autorskih prava i drugih prava intelektualnog vlasni\u0161tva (kao i svih ostalih pravnih ograni\u010denja). Svako kopiranje, reprodukcija ili distribucija dokumenata, informacija i sadr\u017eaja s ove web stranice dopu\u0161teno je isklju\u010divo uz izri\u010dito odobrenje tvrtke Kemoplastika d.o.o.<\/p><p>\u00a0<strong>O PRODAJNOM MJESTU<\/strong><\/p><div class=\"elementor-element elementor-element-5e2ac657 elementor-align-left elementor-widget elementor-widget-etheme_advanced_headline\" data-id=\"5e2ac657\" data-element_type=\"widget\" data-widget_type=\"etheme_advanced_headline.default\"><div class=\"elementor-widget-container\"><div class=\"etheme-a-h-wrapper\"><p class=\"etheme-a-h-text-after\"><b>Naziv tvrtke:\u00a0<\/b>KEMOPLASTIKA d.o.o. za proizvodnju, trgovinu i marketing\u00a0<b>Skra\u0107eni naziv:\u00a0<\/b>KEMOPLASTIKA d.o.o.<br \/><b>Sjedi\u0161te tvrtke:<\/b>\u00a0Stanka Andrijevi\u0107a 5, Zagreb<br \/><b>Odgovorna osoba:\u00a0<\/b>Kristijan Strme\u010dki<\/p><\/div><\/div><\/div><div class=\"elementor-element elementor-element-362b916e elementor-align-left elementor-widget elementor-widget-etheme_advanced_headline\" data-id=\"362b916e\" data-element_type=\"widget\" data-widget_type=\"etheme_advanced_headline.default\"><div class=\"elementor-widget-container\"><div class=\"etheme-a-h-wrapper\"><div class=\"elementor-element elementor-element-2394f78e elementor-align-left elementor-widget elementor-widget-etheme_advanced_headline\" data-id=\"2394f78e\" data-element_type=\"widget\" data-widget_type=\"etheme_advanced_headline.default\"><div class=\"elementor-widget-container\"><div class=\"etheme-a-h-wrapper\"><p class=\"etheme-a-h-text-after\"><b>Naziv i sjedi\u0161te financijskih institucija u kojima tvrtka ima otvorene ra\u010dune:\u00a0<\/b><\/p><p class=\"etheme-a-h-text-after\">\u00a0Raiffeisen Bank, Magazinska cesta 69, Zagreb : 24840081100291315 Hrvatska po\u0161tanska banka, Juri\u0161i\u0107eva 4, Zagreb, 23900011100352557, Privredna banka Zagreb, Zagreb, 23400091110578957<\/p><\/div><\/div><\/div><div class=\"elementor-element elementor-element-1aba343c elementor-align-left elementor-widget elementor-widget-etheme_advanced_headline\" data-id=\"1aba343c\" data-element_type=\"widget\" data-widget_type=\"etheme_advanced_headline.default\"><div class=\"elementor-widget-container\"><div class=\"etheme-a-h-wrapper\"><p class=\"etheme-a-h-text-after\">\u00a0<b>IBAN i SWIFT:\u00a0<\/b>\u00a0\u00a0<b>RBA\u00a0IBAN:\u00a0\u00a0<\/b>HR4424840081100291315\u00a0I\u00a0SWIFT:\u00a0RZBHHR2X<\/p><p class=\"etheme-a-h-text-after\">\u00a0<b>HPB\u00a0IBAN:\u00a0<\/b>HR6423900011100352557\u00a0I\u00a0SWIFT:\u00a0HPBZHR2X<\/p><p class=\"etheme-a-h-text-after\">\u00a0<b>PBZ\u00a0IBAN:\u00a0\u00a0<\/b>HR5823400091110578957 I SWIFT: PBZGHR2X<br \/><b>Uprava:\u00a0\u00a0<\/b>Kristijan Strme\u010dki<\/p><\/div><\/div><\/div><\/div><\/div><\/div><p><b>Tvrtka upisana u Sudski registar:\u00a0<\/b>Trgova\u010dki sud u Zagrebu (MBO 080029359)<br \/><b>OIB:\u00a0\u00a0<\/b>38756477467<br \/><b>MB:\u00a0\u00a0<\/b>03663680<br \/><b>Temeljni kapital:\u00a0\u00a0<\/b>20.900,00 kn upla\u0107en u cijelosti<br \/><b>Uprava:\u00a0\u00a0<\/b>Kristijan Strme\u010dki<\/p><p>Osniva\u010d dru\u0161tva: Kristijan Strme\u010dki<\/p><p>Kontakt e-mail:<a href=\"mailto:kemoplastika@kemoplastika.hr\">kemoplastika@kemoplastika.hr<\/a><\/p><p>Kemoplastika.hr web stranicu dozvoljeno je koristiti za privatne svrhe bez ikakvih naknada za kori\u0161tenje, po\u0161tivaju\u0107i uvjete i pravila upotrebe. Kori\u0161tenjem Kemoplastika.hr web shopa (internetske prodavaonice) obvezujete se po\u0161tivati navedena pravila i uvjete.<\/p><h3><strong>REGISTRACIJA<\/strong><\/h3><p>Kako bi obavili kupnju preko Kemoplastika.hr web shopa, registracija nije obavezna. Ako ne \u017eelite svaki puta tijekom kupnje unositi adresu dostave te informacije o sredstvu pla\u0107anja, preporu\u010da se brza registracija. Dovoljno je jednokratno unijeti va\u017ee\u0107u e-mail adresu, osobne podatke (ime, prezime, adresa, po\u0161tanski broj, mjesto, broj telefona) te proizvoljnu lozinku pomo\u0107u koje se pristupa korisni\u010dkom ra\u010dunu. Preporu\u010dljivo je kori\u0161tenje kombinacije znakova, odnosno velikih i malih slova.<\/p><p>Nakon unosa ovih podataka, registraciju dovr\u0161avate klikom na polje &#8220;Registracija&#8221;. Va\u0161 korisni\u010dki ra\u010dun ostaje registriran u sustavu, a pristupa mu se upisivanjem korisni\u010dkog imena i lozinke na stranici &#8220;Prijava&#8221;. Za svaku sljede\u0107u kupnju, potrebna je samo prijava s korisni\u010dkim imenom i lozinkom.<\/p><p>U slu\u010daju da ste zaboravili lozinku, na istoj stranici odaberite &#8220;Izgubili ste lozinku?&#8221;. Na ovoj lokaciji \u0107ete ostaviti svoju e-mail adresu s kojom ste se registrirali te na koju \u0107e vam sustav automatski poslati link za resetiranje lozinke. Istu mo\u017eete kasnije sami promijeniti u postavkama ra\u010duna.<\/p><p><strong>ZAPRIMANJE NARUD\u017dBI<\/strong><\/p><p>Roba se naru\u010duje preko elektronskog obrasca. Web shop je uvijek otvoren za naru\u010divanje i ne postoji radno vrijeme za narud\u017ebe. Narud\u017ebe se obra\u0111uju radnim danom od 10.00 &#8211; 16.00 h. Kupac treba ispuniti &#8221;Profil s osnovnim podacima&#8221; za naplatu i dostavu \u017eeljenih proizvoda, te \u0107e elektronskom po\u0161tom biti obavije\u0161ten o izvr\u0161enoj narud\u017ebi.<\/p><p>Kod proizvoda koji \u017eelite kupiti, kliknite &#8220;Dodaj u ko\u0161aricu&#8221;. U ko\u0161arici mo\u017eete birati koli\u010dine ili odustati od kupnje. Nakon \u0161to ste odabrali \u017eeljene artikle, kliknite na ko\u0161aricu i odaberite &#8220;Stranica naplate&#8221;. Na stranici naplate popunite va\u0161e podatke, potom metodu pla\u0107anja i odaberite &#8220;Naru\u010dite&#8221;. \u00a0Obavijest o uspje\u0161no izvr\u0161enoj kupnji sti\u0107i \u0107e na Va\u0161u e-mail adresu.<br \/>Kemoplastika\u00a0d.o.o. se obvezuje isporu\u010diti sve naru\u010dene proizvode koje u trenutku isporuke ima na zalihama. Ukoliko Kemoplastika d.o.o. nije u mogu\u0107nosti isporu\u010diti bilo koji od naru\u010denih proizvoda, kontaktirat \u0107e kupca robe telefonski ili e-mailom. Svi ostali naru\u010deni proizvodi bit \u0107e isporu\u010deni.<\/p><p><strong>INTELEKTUALNO VLASNI\u0160TVO<\/strong><\/p><p>Sadr\u017eaj www.kemoplastika.hr internetske prodavaonice je za\u0161ti\u0107en i Kemoplastika d.o.o. ostvaruje jedinstveno pravo na njegovo kori\u0161tenje. Za svako komercijalno kori\u0161tenje sadr\u017eaja na www.kemoplastika.hr stranicama, morate prethodno kontaktirati e-mail adresu \u00a0<a href=\"mailto:kemoplastika@kemoplastika.hr\">kemoplastika@kemoplastika.hr<\/a>.<\/p><p>Obavijesti u smislu \u010dlanka 57. Zakona o za\u0161titi potro\u0161a\u010da:\u00a0<br \/>Obavijest o glavnim obilje\u017ejima robe koju kupac namjerava kupiti nalazi se uz svaki proizvod, a do detaljnog opisa proizvoda dolazi se \u010ditanjem opcije &#8221;Opis&#8221;. \u00a0<br \/>Prodavatelj je trgova\u010dko dru\u0161tvo Kemoplastika d.o.o.,\u00a0 Stanka Andrijevi\u0107a 5, iz Zagreba, <a href=\"mailto:kemoplastika@kemoplastika.hr\">kemoplastika@kemoplastika.hr <\/a>,OIB:38756477467, +385 99 3867 307.\u00a0<br \/>Informacije o maloprodajnoj cijeni robe nalaze se uz svaki proizvod, a informacije o tro\u0161kovima prijevoza, dostave ili po\u0161tanskih usluga, odnosno o tome da ti tro\u0161kovi mogu biti napla\u0107eni ako ne mogu biti razumno izra\u010dunati unaprijed, nalaze se opisani na &#8220;Stranici naplate&#8221; pod &#8220;Va\u0161a narud\u017eba&#8221;.<\/p><p>Obavijesti o uvjetima pla\u0107anja, uvjetima isporuke robe i vremenu isporuke robe nalaze se u rubrici \u201ePla\u0107anje i dostava\u201c.<\/p><p>Obavijesti o na\u010dinu rje\u0161avanja potro\u0161a\u010dkih pritu\u017ebi od strane trgovca nalaze se u rubrici \u201ePovrat i reklamacije\u201c.<br \/>U rubrici \u201ePovrat i reklamacije\u201c nalaze se sljede\u0107e obavijesti i dodatna poja\u0161njenja vezana uz:<\/p><ul><li>informacije o uvjetima, rokovima i postupku izvr\u0161avanja prava na jednostrani raskid ugovora, kao i o obrascu za jednostrani raskid ugovora sukladno \u010dlanku 74. stavku 1. Zakona o za\u0161titi potro\u0161a\u010da.<\/li><li>informacije o tome da je kupac du\u017ean snositi tro\u0161kove vra\u0107anja robe u slu\u010daju da iskoristi svoje pravo na jednostrani raskid ugovora iz \u010dlanka 72. Zakona o za\u0161titi potro\u0161a\u010da, odnosno o tro\u0161kovima vra\u0107anja robe u slu\u010daju da kod ugovora sklopljenih na daljinu roba zbog svoje prirode ne mo\u017ee biti vra\u0107ena po\u0161tom na uobi\u010dajen na\u010din<\/li><li>informacije o tome da \u0107e, u slu\u010daju da iskoristi svoje pravo na jednostrani raskid ugovora iz \u010dlanka 72. Zakona o za\u0161titi potro\u0161a\u010da, nakon \u0161to je postavio zahtjev u skladu sa \u010dlankom 64. ili \u010dlankom 70. Zakona o za\u0161titi potro\u0161a\u010da, kupac biti du\u017ean platiti trgovcu razumni dio cijene sukladno \u010dlanku 77. stavku 7. Zakona o za\u0161titi potro\u0161a\u010da<\/li><li>informacije o tome da se kupac ne mo\u017ee koristiti pravom na jednostrani raskid ugovora iz \u010dlanka 72. Zakona o za\u0161titi potro\u0161a\u010da u slu\u010dajevima u kojima je temeljem \u010dlanka 79. Zakona o za\u0161titi potro\u0161a\u010da to pravo isklju\u010deno, odnosno o pretpostavkama pod kojima potro\u0161a\u010d gubi pravo na jednostrani raskid ugovora.<\/li><\/ul><p>Prodavatelj odgovara za materijalne nedostatke robe u skladu s relevantnim pozitivnim propisima.<\/p><p>Mehanizmi izvansudskog rje\u0161avanja sporova su sljede\u0107i: u slu\u010daju spora izme\u0111u potro\u0161a\u010da i trgovca, mo\u017ee se podnijeti prijava Sudu \u010dasti Hrvatske gospodarske komore, Sudu \u010dasti Hrvatske obrtni\u010dke komore ili prijedlog za mirenje pri centrima za mirenje. Postupak pred sudovima \u010dasti provodi se sukladno Pravilniku o Sudu \u010dasti pri Hrvatskoj gospodarskoj komori i Pravilniku Suda \u010dasti pri Hrvatskoj obrtni\u010dkoj komori kojima se propisuje da su \u010dlanovi vije\u0107a tih sudova, osim nezavisnih pravnih stru\u010dnjaka i predstavnika trgovaca, i predstavnici potro\u0161a\u010da. Mirenje pred centrima za mirenje provodi se sukladno odredbama Zakona o mirenju, te sukladno Pravilniku o mirenju centra za mirenje.<\/p><p><strong>Izmjene op\u0107ih uvjeta<\/strong><\/p><p>U slu\u010daju promjena na\u0161ih Uvjeta kori\u0161tenja, obavijestit \u0107emo Vas o tome na ovoj stranici i a\u017eurirati datum izmjene.<\/p><p>Ovi Uvjeti kori\u0161tenja su zadnji put izmijenjeni\u00a0<strong>23. 07.2024<\/strong><strong>.<\/strong>\u00a0godine<\/p>\t\t\t\t\t\t\t\t<\/div>\n\t\t\t\t<\/div>\n\t\t\t\t\t<\/div>\n\t\t\t\t<\/div>\n\t\t\t\t<\/div>\n\t\t","protected":false},"excerpt":{"rendered":"<p>Op\u0107i uvjeti i odredbe Svako kori\u0161tenje www.kemoplastika.hr\u00a0 internetske stranice u vlasni\u0161tvu Kemoplastika d.o.o. podlije\u017ee ispod navedenim uvjetima kori\u0161tenja. Dokumente, informacije i sadr\u017eaj s web stranice www.kemoplastika.hr (i\/ili s drugih internetskih stranica u vlasni\u0161tvu Kemoplastika d.o.o.) zabranjeno je kopirati, osim za osobnu uporabu i druge nekomercijalne svrhe, uz obavezno po\u0161tivanje autorskih prava i drugih prava intelektualnog vlasni\u0161tva (kao i svih ostalih pravnih ograni\u010denja). Svako kopiranje, reprodukcija ili distribucija dokumenata, informacija i sadr\u017eaja s ove web stranice dopu\u0161teno je isklju\u010divo uz izri\u010dito odobrenje tvrtke Kemoplastika d.o.o. \u00a0O PRODAJNOM MJESTU Naziv tvrtke:\u00a0KEMOPLASTIKA d.o.o. za proizvodnju, trgovinu i marketing\u00a0Skra\u0107eni naziv:\u00a0KEMOPLASTIKA d.o.o.Sjedi\u0161te tvrtke:\u00a0Stanka Andrijevi\u0107a 5,&#8230;<\/p>\n","protected":false},"author":1,"featured_media":0,"parent":0,"menu_order":0,"comment_status":"closed","ping_status":"closed","template":"","meta":{"footnotes":""},"class_list":["post-7130","page","type-page","status-publish","hentry"],"yoast_head":"<!-- This site is optimized with the Yoast SEO plugin v27.4 - https:\/\/yoast.com\/product\/yoast-seo-wordpress\/ -->\n<title>Op\u0107i uvjeti i odredbe - Kemoplastika<\/title>\n<meta name=\"robots\" content=\"index, follow, max-snippet:-1, max-image-preview:large, max-video-preview:-1\" \/>\n<link rel=\"canonical\" href=\"https:\/\/kemoplastika.hr\/index.php\/opci-uvjeti-koristenja\/\" \/>\n<meta property=\"og:locale\" content=\"hr_HR\" \/>\n<meta property=\"og:type\" content=\"article\" \/>\n<meta property=\"og:title\" content=\"Op\u0107i uvjeti i odredbe - Kemoplastika\" \/>\n<meta property=\"og:description\" content=\"Op\u0107i uvjeti i odredbe Svako kori\u0161tenje www.kemoplastika.hr\u00a0 internetske stranice u vlasni\u0161tvu Kemoplastika d.o.o. podlije\u017ee ispod navedenim uvjetima kori\u0161tenja. Dokumente, informacije i sadr\u017eaj s web stranice www.kemoplastika.hr (i\/ili s drugih internetskih stranica u vlasni\u0161tvu Kemoplastika d.o.o.) zabranjeno je kopirati, osim za osobnu uporabu i druge nekomercijalne svrhe, uz obavezno po\u0161tivanje autorskih prava i drugih prava intelektualnog vlasni\u0161tva (kao i svih ostalih pravnih ograni\u010denja). Svako kopiranje, reprodukcija ili distribucija dokumenata, informacija i sadr\u017eaja s ove web stranice dopu\u0161teno je isklju\u010divo uz izri\u010dito odobrenje tvrtke Kemoplastika d.o.o. \u00a0O PRODAJNOM MJESTU Naziv tvrtke:\u00a0KEMOPLASTIKA d.o.o. za proizvodnju, trgovinu i marketing\u00a0Skra\u0107eni naziv:\u00a0KEMOPLASTIKA d.o.o.Sjedi\u0161te tvrtke:\u00a0Stanka Andrijevi\u0107a 5,...\" \/>\n<meta property=\"og:url\" content=\"https:\/\/kemoplastika.hr\/index.php\/opci-uvjeti-koristenja\/\" \/>\n<meta property=\"og:site_name\" content=\"Kemoplastika\" \/>\n<meta property=\"article:publisher\" content=\"https:\/\/www.facebook.com\/profile.php?id=61559590600523\" \/>\n<meta property=\"article:modified_time\" content=\"2024-07-23T14:48:02+00:00\" \/>\n<meta name=\"twitter:card\" content=\"summary_large_image\" \/>\n<meta name=\"twitter:label1\" content=\"Procijenjeno vrijeme \u010ditanja\" \/>\n\t<meta name=\"twitter:data1\" content=\"6 minuta\" \/>\n<script type=\"application\/ld+json\" class=\"yoast-schema-graph\">{\"@context\":\"https:\\\/\\\/schema.org\",\"@graph\":[{\"@type\":\"WebPage\",\"@id\":\"https:\\\/\\\/kemoplastika.hr\\\/index.php\\\/opci-uvjeti-koristenja\\\/\",\"url\":\"https:\\\/\\\/kemoplastika.hr\\\/index.php\\\/opci-uvjeti-koristenja\\\/\",\"name\":\"Op\u0107i uvjeti i odredbe - Kemoplastika\",\"isPartOf\":{\"@id\":\"https:\\\/\\\/kemoplastika.hr\\\/#website\"},\"datePublished\":\"2024-07-23T09:58:35+00:00\",\"dateModified\":\"2024-07-23T14:48:02+00:00\",\"breadcrumb\":{\"@id\":\"https:\\\/\\\/kemoplastika.hr\\\/index.php\\\/opci-uvjeti-koristenja\\\/#breadcrumb\"},\"inLanguage\":\"hr\",\"potentialAction\":[{\"@type\":\"ReadAction\",\"target\":[\"https:\\\/\\\/kemoplastika.hr\\\/index.php\\\/opci-uvjeti-koristenja\\\/\"]}]},{\"@type\":\"BreadcrumbList\",\"@id\":\"https:\\\/\\\/kemoplastika.hr\\\/index.php\\\/opci-uvjeti-koristenja\\\/#breadcrumb\",\"itemListElement\":[{\"@type\":\"ListItem\",\"position\":1,\"name\":\"Po\u010detna stranica\",\"item\":\"https:\\\/\\\/kemoplastika.hr\\\/\"},{\"@type\":\"ListItem\",\"position\":2,\"name\":\"Op\u0107i uvjeti i odredbe\"}]},{\"@type\":\"WebSite\",\"@id\":\"https:\\\/\\\/kemoplastika.hr\\\/#website\",\"url\":\"https:\\\/\\\/kemoplastika.hr\\\/\",\"name\":\"Kemoplastika\",\"description\":\"Dezinfekcija, gradnja, auto-moto, \u010di\u0161\u0107enje, ambala\u017ea\",\"publisher\":{\"@id\":\"https:\\\/\\\/kemoplastika.hr\\\/#organization\"},\"potentialAction\":[{\"@type\":\"SearchAction\",\"target\":{\"@type\":\"EntryPoint\",\"urlTemplate\":\"https:\\\/\\\/kemoplastika.hr\\\/?s={search_term_string}\"},\"query-input\":{\"@type\":\"PropertyValueSpecification\",\"valueRequired\":true,\"valueName\":\"search_term_string\"}}],\"inLanguage\":\"hr\"},{\"@type\":\"Organization\",\"@id\":\"https:\\\/\\\/kemoplastika.hr\\\/#organization\",\"name\":\"Kemoplastika\",\"url\":\"https:\\\/\\\/kemoplastika.hr\\\/\",\"logo\":{\"@type\":\"ImageObject\",\"inLanguage\":\"hr\",\"@id\":\"https:\\\/\\\/kemoplastika.hr\\\/#\\\/schema\\\/logo\\\/image\\\/\",\"url\":\"https:\\\/\\\/kemoplastika.hr\\\/wp-content\\\/uploads\\\/2025\\\/09\\\/logo.svg\",\"contentUrl\":\"https:\\\/\\\/kemoplastika.hr\\\/wp-content\\\/uploads\\\/2025\\\/09\\\/logo.svg\",\"width\":100,\"height\":100,\"caption\":\"Kemoplastika\"},\"image\":{\"@id\":\"https:\\\/\\\/kemoplastika.hr\\\/#\\\/schema\\\/logo\\\/image\\\/\"},\"sameAs\":[\"https:\\\/\\\/www.facebook.com\\\/profile.php?id=61559590600523\"]}]}<\/script>\n<!-- \/ Yoast SEO plugin. -->","yoast_head_json":{"title":"Op\u0107i uvjeti i odredbe - Kemoplastika","robots":{"index":"index","follow":"follow","max-snippet":"max-snippet:-1","max-image-preview":"max-image-preview:large","max-video-preview":"max-video-preview:-1"},"canonical":"https:\/\/kemoplastika.hr\/index.php\/opci-uvjeti-koristenja\/","og_locale":"hr_HR","og_type":"article","og_title":"Op\u0107i uvjeti i odredbe - Kemoplastika","og_description":"Op\u0107i uvjeti i odredbe Svako kori\u0161tenje www.kemoplastika.hr\u00a0 internetske stranice u vlasni\u0161tvu Kemoplastika d.o.o. podlije\u017ee ispod navedenim uvjetima kori\u0161tenja. Dokumente, informacije i sadr\u017eaj s web stranice www.kemoplastika.hr (i\/ili s drugih internetskih stranica u vlasni\u0161tvu Kemoplastika d.o.o.) zabranjeno je kopirati, osim za osobnu uporabu i druge nekomercijalne svrhe, uz obavezno po\u0161tivanje autorskih prava i drugih prava intelektualnog vlasni\u0161tva (kao i svih ostalih pravnih ograni\u010denja). Svako kopiranje, reprodukcija ili distribucija dokumenata, informacija i sadr\u017eaja s ove web stranice dopu\u0161teno je isklju\u010divo uz izri\u010dito odobrenje tvrtke Kemoplastika d.o.o. \u00a0O PRODAJNOM MJESTU Naziv tvrtke:\u00a0KEMOPLASTIKA d.o.o. za proizvodnju, trgovinu i marketing\u00a0Skra\u0107eni naziv:\u00a0KEMOPLASTIKA d.o.o.Sjedi\u0161te tvrtke:\u00a0Stanka Andrijevi\u0107a 5,...","og_url":"https:\/\/kemoplastika.hr\/index.php\/opci-uvjeti-koristenja\/","og_site_name":"Kemoplastika","article_publisher":"https:\/\/www.facebook.com\/profile.php?id=61559590600523","article_modified_time":"2024-07-23T14:48:02+00:00","twitter_card":"summary_large_image","twitter_misc":{"Procijenjeno vrijeme \u010ditanja":"6 minuta"},"schema":{"@context":"https:\/\/schema.org","@graph":[{"@type":"WebPage","@id":"https:\/\/kemoplastika.hr\/index.php\/opci-uvjeti-koristenja\/","url":"https:\/\/kemoplastika.hr\/index.php\/opci-uvjeti-koristenja\/","name":"Op\u0107i uvjeti i odredbe - Kemoplastika","isPartOf":{"@id":"https:\/\/kemoplastika.hr\/#website"},"datePublished":"2024-07-23T09:58:35+00:00","dateModified":"2024-07-23T14:48:02+00:00","breadcrumb":{"@id":"https:\/\/kemoplastika.hr\/index.php\/opci-uvjeti-koristenja\/#breadcrumb"},"inLanguage":"hr","potentialAction":[{"@type":"ReadAction","target":["https:\/\/kemoplastika.hr\/index.php\/opci-uvjeti-koristenja\/"]}]},{"@type":"BreadcrumbList","@id":"https:\/\/kemoplastika.hr\/index.php\/opci-uvjeti-koristenja\/#breadcrumb","itemListElement":[{"@type":"ListItem","position":1,"name":"Po\u010detna stranica","item":"https:\/\/kemoplastika.hr\/"},{"@type":"ListItem","position":2,"name":"Op\u0107i uvjeti i odredbe"}]},{"@type":"WebSite","@id":"https:\/\/kemoplastika.hr\/#website","url":"https:\/\/kemoplastika.hr\/","name":"Kemoplastika","description":"Dezinfekcija, gradnja, auto-moto, \u010di\u0161\u0107enje, ambala\u017ea","publisher":{"@id":"https:\/\/kemoplastika.hr\/#organization"},"potentialAction":[{"@type":"SearchAction","target":{"@type":"EntryPoint","urlTemplate":"https:\/\/kemoplastika.hr\/?s={search_term_string}"},"query-input":{"@type":"PropertyValueSpecification","valueRequired":true,"valueName":"search_term_string"}}],"inLanguage":"hr"},{"@type":"Organization","@id":"https:\/\/kemoplastika.hr\/#organization","name":"Kemoplastika","url":"https:\/\/kemoplastika.hr\/","logo":{"@type":"ImageObject","inLanguage":"hr","@id":"https:\/\/kemoplastika.hr\/#\/schema\/logo\/image\/","url":"https:\/\/kemoplastika.hr\/wp-content\/uploads\/2025\/09\/logo.svg","contentUrl":"https:\/\/kemoplastika.hr\/wp-content\/uploads\/2025\/09\/logo.svg","width":100,"height":100,"caption":"Kemoplastika"},"image":{"@id":"https:\/\/kemoplastika.hr\/#\/schema\/logo\/image\/"},"sameAs":["https:\/\/www.facebook.com\/profile.php?id=61559590600523"]}]}},"_links":{"self":[{"href":"https:\/\/kemoplastika.hr\/index.php\/wp-json\/wp\/v2\/pages\/7130","targetHints":{"allow":["GET"]}}],"collection":[{"href":"https:\/\/kemoplastika.hr\/index.php\/wp-json\/wp\/v2\/pages"}],"about":[{"href":"https:\/\/kemoplastika.hr\/index.php\/wp-json\/wp\/v2\/types\/page"}],"author":[{"embeddable":true,"href":"https:\/\/kemoplastika.hr\/index.php\/wp-json\/wp\/v2\/users\/1"}],"replies":[{"embeddable":true,"href":"https:\/\/kemoplastika.hr\/index.php\/wp-json\/wp\/v2\/comments?post=7130"}],"version-history":[{"count":17,"href":"https:\/\/kemoplastika.hr\/index.php\/wp-json\/wp\/v2\/pages\/7130\/revisions"}],"predecessor-version":[{"id":7218,"href":"https:\/\/kemoplastika.hr\/index.php\/wp-json\/wp\/v2\/pages\/7130\/revisions\/7218"}],"wp:attachment":[{"href":"https:\/\/kemoplastika.hr\/index.php\/wp-json\/wp\/v2\/media?parent=7130"}],"curies":[{"name":"wp","href":"https:\/\/api.w.org\/{rel}","templated":true}]}}