{"id":6532,"date":"2024-02-13T09:10:18","date_gmt":"2024-02-13T09:10:18","guid":{"rendered":"https:\/\/test.kemoplastika.hr\/?page_id=6532"},"modified":"2024-02-25T13:16:27","modified_gmt":"2024-02-25T13:16:27","slug":"ostalo","status":"publish","type":"page","link":"https:\/\/kemoplastika.hr\/index.php\/ostalo\/","title":{"rendered":"Ostalo"},"content":{"rendered":"\t\t<div data-elementor-type=\"wp-page\" data-elementor-id=\"6532\" class=\"elementor elementor-6532\" data-elementor-post-type=\"page\">\n\t\t\t\t<div class=\"elementor-element elementor-element-327dee9c e-flex e-con-boxed e-con e-parent\" data-id=\"327dee9c\" data-element_type=\"container\" data-e-type=\"container\">\n\t\t\t\t\t<div class=\"e-con-inner\">\n\t\t\t\t<div class=\"elementor-element elementor-element-5483a437 elementor-widget elementor-widget-etheme_static_block\" data-id=\"5483a437\" data-element_type=\"widget\" data-e-type=\"widget\" data-widget_type=\"etheme_static_block.default\">\n\t\t\t\t<div class=\"elementor-widget-container\">\n\t\t\t\t\t\t    <div class=\"etheme-static_block-wrapper\">\n\t            <div class=\"et-no-preview\"><h3>8theme - Static Block<\/h3><p>No preview available.<\/p><\/div><style>\n                .et-no-preview{\n                    font-size: 13px;\n                    background: #f0f0f0;\n                    padding: 8px 12px;\n                    color: #000;\n                    font-family: -apple-system,BlinkMacSystemFont,Segoe UI,Roboto,Oxygen-Sans,Ubuntu,Cantarell,Helvetica Neue,sans-serif;\n                }\n                .et-no-preview h3 {\n                    font-size: 14px;\n                    font-family: inherit;\n                    font-weight: 600;\n                    margin: 4px 0;\n                }\n                .et-no-preview p {\n                    margin: 4px 0;\n                    font-size: 13px;\n                }\n            <\/style>\t\t<\/div>\n\t\t\t\t\t\t<\/div>\n\t\t\t\t<\/div>\n\t\t\t\t\t<\/div>\n\t\t\t\t<\/div>\n\t\t<div class=\"elementor-element elementor-element-73f1b4c9 e-flex e-con-boxed e-con e-parent\" data-id=\"73f1b4c9\" data-element_type=\"container\" data-e-type=\"container\">\n\t\t\t\t\t<div class=\"e-con-inner\">\n\t\t<div class=\"elementor-element elementor-element-4685cf8d e-con-full e-flex e-con e-child\" data-id=\"4685cf8d\" data-element_type=\"container\" data-e-type=\"container\">\n\t\t\t\t<div class=\"elementor-element elementor-element-431f5cdf etheme_sidebar-widgets-count-aside etheme_sidebar-widgets-count-with-background etheme-elementor-off-canvas-toggle-left etheme-elementor-off-canvas-toggle-fixed elementor-widget elementor-widget-etheme_sidebar\" data-id=\"431f5cdf\" data-element_type=\"widget\" data-e-type=\"widget\" data-settings=\"{&quot;off_canvas_toggle_type&quot;:&quot;click&quot;}\" data-widget_type=\"etheme_sidebar.default\">\n\t\t\t\t<div class=\"elementor-widget-container\">\n\t\t\t\t\t        <div class=\"etheme-elementor-sidebar\">\n            <div id=\"woocommerce_product_categories-5\" class=\"etheme_sidebar-widget-item sidebar-widget woocommerce widget_product_categories\"><h4 class=\"widget-title\"><span>Kategorije proizvoda<\/span><\/h4><ul class=\"product-categories\"><li class=\"cat-item cat-item-22\"><a href=\"https:\/\/kemoplastika.hr\/index.php\/product-category\/ciscenje-i-odrzavanje\/\">\u010ci\u0161\u0107enje i odr\u017eavanje<\/a><\/li>\n<li class=\"cat-item cat-item-21\"><a href=\"https:\/\/kemoplastika.hr\/index.php\/product-category\/dezinfekcija\/\">Dezinfekcija<\/a><\/li>\n<li class=\"cat-item cat-item-19\"><a href=\"https:\/\/kemoplastika.hr\/index.php\/product-category\/experti-auto-kozmetika\/\">Experti auto kozmetika<\/a><\/li>\n<li class=\"cat-item cat-item-25\"><a href=\"https:\/\/kemoplastika.hr\/index.php\/product-category\/gradevinska-kemija\/\">Gra\u0111evinska kemija<\/a><\/li>\n<li class=\"cat-item cat-item-15\"><a href=\"https:\/\/kemoplastika.hr\/index.php\/product-category\/istaknuto\/\">Istaknuto<\/a><\/li>\n<li class=\"cat-item cat-item-33\"><a href=\"https:\/\/kemoplastika.hr\/index.php\/product-category\/ostalo\/\">Ostalo<\/a><\/li>\n<li class=\"cat-item cat-item-32\"><a href=\"https:\/\/kemoplastika.hr\/index.php\/product-category\/plasticna-ambalaza\/\">Plasti\u010dna ambala\u017ea<\/a><\/li>\n<li class=\"cat-item cat-item-31\"><a href=\"https:\/\/kemoplastika.hr\/index.php\/product-category\/sprejevi\/\">Sprejevi<\/a><\/li>\n<\/ul><\/div><!-- \/\/sidebar-widget -->        <\/div>\n        \t\t\t\t<\/div>\n\t\t\t\t<\/div>\n\t\t\t\t<\/div>\n\t\t<div class=\"elementor-element elementor-element-3d25d29e e-con-full e-flex e-con e-child\" data-id=\"3d25d29e\" data-element_type=\"container\" data-e-type=\"container\">\n\t\t\t\t<div class=\"elementor-element elementor-element-193e8d12 elementor-widget elementor-widget-etheme_products\" data-id=\"193e8d12\" data-element_type=\"widget\" data-e-type=\"widget\" data-widget_type=\"etheme_products.default\">\n\t\t\t\t<div class=\"elementor-widget-container\">\n\t\t\t\t\t\r\n\t\t\t<div class=\"et-load-block lazy-loading et-ajax-element type-element\" data-type=\"element\" data-extra=\"\" data-element=\"etheme_products\">\r\n\t\t\t\t<!--googleoff: index-->\r\n\t\t\t\t<!--noindex-->\r\n\t\t\t\t<div class=\"et-loader no-lqip\"><svg class=\"loader-circular\" viewBox=\"25 25 50 50\" width=\"30\" height=\"30\"><circle class=\"loader-path\" cx=\"50\" cy=\"50\" r=\"20\" fill=\"none\" stroke-width=\"2\" stroke-miterlimit=\"10\"><\/circle><\/svg><\/div>\r\n\t\t\t\t<span class=\"hidden et-element-args\"><!--[if IE 6] --[et-ajax]--{\"ids\":\"\",\"columns\":\"3\",\"shop_link\":1,\"limit\":20,\"taxonomies\":\"33\",\"brands\":\"\",\"product_tags\":\"\",\"type\":\"grid\",\"navigation\":\"btn\",\"per_iteration\":\"\",\"style\":\"default\",\"show_counter\":\"\",\"show_stock\":\"\",\"show_category\":true,\"products\":\"\",\"title\":\"\",\"hide_out_stock\":\"\",\"large\":4,\"notebook\":3,\"tablet_land\":2,\"tablet_portrait\":2,\"mobile\":1,\"slider_autoplay\":false,\"slider_interval\":3000,\"slider_speed\":300,\"slider_loop\":false,\"slider_stop_on_hover\":false,\"pagination_type\":\"hide\",\"nav_color\":\"\",\"arrows_bg_color\":\"\",\"default_color\":\"#e1e1e1\",\"active_color\":\"#222\",\"hide_fo\":\"\",\"hide_buttons\":false,\"navigation_type\":\"arrow\",\"navigation_position_style\":\"arrows-hover\",\"navigation_style\":\"\",\"navigation_position\":\"middle\",\"hide_buttons_for\":\"\",\"orderby\":\"date\",\"no_spacing\":\"\",\"show_image\":true,\"image_position\":\"left\",\"order\":\"ASC\",\"product_view\":\"\",\"product_view_color\":\"\",\"product_img_hover\":\"\",\"product_img_size\":\"woocommerce_thumbnail\",\"show_excerpt\":false,\"excerpt_length\":\"120\",\"custom_template\":\"\",\"custom_template_list\":\"\",\"per_move\":1,\"autoheight\":false,\"ajax\":\"true\",\"ajax_loaded\":false,\"no_spacing_grid\":false,\"bordered_layout\":\"yes\",\"hover_shadow\":\"yes\",\"class\":\"\",\"css\":\"\",\"is_preview\":false,\"product_content_custom_elements\":false,\"product_content_elements\":\"\",\"product_add_to_cart_quantity\":false,\"elementor\":true}--[!et-ajax]-- ![endif]--><\/span>\r\n\t\t\t\t\r\n\t\t\t\t<!--\/noindex-->\r\n\t\t\t\t<!--googleon: index-->\r\n\t\t\t<\/div>\r\n\t\t\t\t\t\t<\/div>\n\t\t\t\t<\/div>\n\t\t\t\t<\/div>\n\t\t\t\t\t<\/div>\n\t\t\t\t<\/div>\n\t\t<div class=\"elementor-element elementor-element-50cdaaab e-flex e-con-boxed e-con e-parent\" data-id=\"50cdaaab\" data-element_type=\"container\" data-e-type=\"container\">\n\t\t\t\t\t<div class=\"e-con-inner\">\n\t\t\t\t\t<\/div>\n\t\t\t\t<\/div>\n\t\t\t\t<\/div>\n\t\t","protected":false},"excerpt":{"rendered":"<p>Brza narud\u017ebabrza dostava Ne propustite odli\u010dne ponude i akcije prijavom na na\u0161 newsletter.<\/p>\n","protected":false},"author":1,"featured_media":0,"parent":0,"menu_order":0,"comment_status":"closed","ping_status":"closed","template":"elementor_header_footer","meta":{"footnotes":""},"class_list":["post-6532","page","type-page","status-publish","hentry"],"yoast_head":"<!-- This site is optimized with the Yoast SEO plugin v27.4 - https:\/\/yoast.com\/product\/yoast-seo-wordpress\/ -->\n<title>Ostalo - Kemoplastika<\/title>\n<meta name=\"robots\" content=\"index, follow, max-snippet:-1, max-image-preview:large, max-video-preview:-1\" \/>\n<link rel=\"canonical\" href=\"https:\/\/kemoplastika.hr\/index.php\/ostalo\/\" \/>\n<meta property=\"og:locale\" content=\"hr_HR\" \/>\n<meta property=\"og:type\" content=\"article\" \/>\n<meta property=\"og:title\" content=\"Ostalo - Kemoplastika\" \/>\n<meta property=\"og:description\" content=\"Brza narud\u017ebabrza dostava Ne propustite odli\u010dne ponude i akcije prijavom na na\u0161 newsletter.\" \/>\n<meta property=\"og:url\" content=\"https:\/\/kemoplastika.hr\/index.php\/ostalo\/\" \/>\n<meta property=\"og:site_name\" content=\"Kemoplastika\" \/>\n<meta property=\"article:publisher\" content=\"https:\/\/www.facebook.com\/profile.php?id=61559590600523\" \/>\n<meta property=\"article:modified_time\" content=\"2024-02-25T13:16:27+00:00\" \/>\n<meta name=\"twitter:card\" content=\"summary_large_image\" \/>\n<script type=\"application\/ld+json\" class=\"yoast-schema-graph\">{\"@context\":\"https:\\\/\\\/schema.org\",\"@graph\":[{\"@type\":\"WebPage\",\"@id\":\"https:\\\/\\\/kemoplastika.hr\\\/index.php\\\/ostalo\\\/\",\"url\":\"https:\\\/\\\/kemoplastika.hr\\\/index.php\\\/ostalo\\\/\",\"name\":\"Ostalo - Kemoplastika\",\"isPartOf\":{\"@id\":\"https:\\\/\\\/kemoplastika.hr\\\/#website\"},\"datePublished\":\"2024-02-13T09:10:18+00:00\",\"dateModified\":\"2024-02-25T13:16:27+00:00\",\"breadcrumb\":{\"@id\":\"https:\\\/\\\/kemoplastika.hr\\\/index.php\\\/ostalo\\\/#breadcrumb\"},\"inLanguage\":\"hr\",\"potentialAction\":[{\"@type\":\"ReadAction\",\"target\":[\"https:\\\/\\\/kemoplastika.hr\\\/index.php\\\/ostalo\\\/\"]}]},{\"@type\":\"BreadcrumbList\",\"@id\":\"https:\\\/\\\/kemoplastika.hr\\\/index.php\\\/ostalo\\\/#breadcrumb\",\"itemListElement\":[{\"@type\":\"ListItem\",\"position\":1,\"name\":\"Po\u010detna stranica\",\"item\":\"https:\\\/\\\/kemoplastika.hr\\\/\"},{\"@type\":\"ListItem\",\"position\":2,\"name\":\"Ostalo\"}]},{\"@type\":\"WebSite\",\"@id\":\"https:\\\/\\\/kemoplastika.hr\\\/#website\",\"url\":\"https:\\\/\\\/kemoplastika.hr\\\/\",\"name\":\"Kemoplastika\",\"description\":\"Dezinfekcija, gradnja, auto-moto, \u010di\u0161\u0107enje, ambala\u017ea\",\"publisher\":{\"@id\":\"https:\\\/\\\/kemoplastika.hr\\\/#organization\"},\"potentialAction\":[{\"@type\":\"SearchAction\",\"target\":{\"@type\":\"EntryPoint\",\"urlTemplate\":\"https:\\\/\\\/kemoplastika.hr\\\/?s={search_term_string}\"},\"query-input\":{\"@type\":\"PropertyValueSpecification\",\"valueRequired\":true,\"valueName\":\"search_term_string\"}}],\"inLanguage\":\"hr\"},{\"@type\":\"Organization\",\"@id\":\"https:\\\/\\\/kemoplastika.hr\\\/#organization\",\"name\":\"Kemoplastika\",\"url\":\"https:\\\/\\\/kemoplastika.hr\\\/\",\"logo\":{\"@type\":\"ImageObject\",\"inLanguage\":\"hr\",\"@id\":\"https:\\\/\\\/kemoplastika.hr\\\/#\\\/schema\\\/logo\\\/image\\\/\",\"url\":\"https:\\\/\\\/kemoplastika.hr\\\/wp-content\\\/uploads\\\/2025\\\/09\\\/logo.svg\",\"contentUrl\":\"https:\\\/\\\/kemoplastika.hr\\\/wp-content\\\/uploads\\\/2025\\\/09\\\/logo.svg\",\"width\":100,\"height\":100,\"caption\":\"Kemoplastika\"},\"image\":{\"@id\":\"https:\\\/\\\/kemoplastika.hr\\\/#\\\/schema\\\/logo\\\/image\\\/\"},\"sameAs\":[\"https:\\\/\\\/www.facebook.com\\\/profile.php?id=61559590600523\"]}]}<\/script>\n<!-- \/ Yoast SEO plugin. -->","yoast_head_json":{"title":"Ostalo - Kemoplastika","robots":{"index":"index","follow":"follow","max-snippet":"max-snippet:-1","max-image-preview":"max-image-preview:large","max-video-preview":"max-video-preview:-1"},"canonical":"https:\/\/kemoplastika.hr\/index.php\/ostalo\/","og_locale":"hr_HR","og_type":"article","og_title":"Ostalo - Kemoplastika","og_description":"Brza narud\u017ebabrza dostava Ne propustite odli\u010dne ponude i akcije prijavom na na\u0161 newsletter.","og_url":"https:\/\/kemoplastika.hr\/index.php\/ostalo\/","og_site_name":"Kemoplastika","article_publisher":"https:\/\/www.facebook.com\/profile.php?id=61559590600523","article_modified_time":"2024-02-25T13:16:27+00:00","twitter_card":"summary_large_image","schema":{"@context":"https:\/\/schema.org","@graph":[{"@type":"WebPage","@id":"https:\/\/kemoplastika.hr\/index.php\/ostalo\/","url":"https:\/\/kemoplastika.hr\/index.php\/ostalo\/","name":"Ostalo - Kemoplastika","isPartOf":{"@id":"https:\/\/kemoplastika.hr\/#website"},"datePublished":"2024-02-13T09:10:18+00:00","dateModified":"2024-02-25T13:16:27+00:00","breadcrumb":{"@id":"https:\/\/kemoplastika.hr\/index.php\/ostalo\/#breadcrumb"},"inLanguage":"hr","potentialAction":[{"@type":"ReadAction","target":["https:\/\/kemoplastika.hr\/index.php\/ostalo\/"]}]},{"@type":"BreadcrumbList","@id":"https:\/\/kemoplastika.hr\/index.php\/ostalo\/#breadcrumb","itemListElement":[{"@type":"ListItem","position":1,"name":"Po\u010detna stranica","item":"https:\/\/kemoplastika.hr\/"},{"@type":"ListItem","position":2,"name":"Ostalo"}]},{"@type":"WebSite","@id":"https:\/\/kemoplastika.hr\/#website","url":"https:\/\/kemoplastika.hr\/","name":"Kemoplastika","description":"Dezinfekcija, gradnja, auto-moto, \u010di\u0161\u0107enje, ambala\u017ea","publisher":{"@id":"https:\/\/kemoplastika.hr\/#organization"},"potentialAction":[{"@type":"SearchAction","target":{"@type":"EntryPoint","urlTemplate":"https:\/\/kemoplastika.hr\/?s={search_term_string}"},"query-input":{"@type":"PropertyValueSpecification","valueRequired":true,"valueName":"search_term_string"}}],"inLanguage":"hr"},{"@type":"Organization","@id":"https:\/\/kemoplastika.hr\/#organization","name":"Kemoplastika","url":"https:\/\/kemoplastika.hr\/","logo":{"@type":"ImageObject","inLanguage":"hr","@id":"https:\/\/kemoplastika.hr\/#\/schema\/logo\/image\/","url":"https:\/\/kemoplastika.hr\/wp-content\/uploads\/2025\/09\/logo.svg","contentUrl":"https:\/\/kemoplastika.hr\/wp-content\/uploads\/2025\/09\/logo.svg","width":100,"height":100,"caption":"Kemoplastika"},"image":{"@id":"https:\/\/kemoplastika.hr\/#\/schema\/logo\/image\/"},"sameAs":["https:\/\/www.facebook.com\/profile.php?id=61559590600523"]}]}},"_links":{"self":[{"href":"https:\/\/kemoplastika.hr\/index.php\/wp-json\/wp\/v2\/pages\/6532","targetHints":{"allow":["GET"]}}],"collection":[{"href":"https:\/\/kemoplastika.hr\/index.php\/wp-json\/wp\/v2\/pages"}],"about":[{"href":"https:\/\/kemoplastika.hr\/index.php\/wp-json\/wp\/v2\/types\/page"}],"author":[{"embeddable":true,"href":"https:\/\/kemoplastika.hr\/index.php\/wp-json\/wp\/v2\/users\/1"}],"replies":[{"embeddable":true,"href":"https:\/\/kemoplastika.hr\/index.php\/wp-json\/wp\/v2\/comments?post=6532"}],"version-history":[{"count":10,"href":"https:\/\/kemoplastika.hr\/index.php\/wp-json\/wp\/v2\/pages\/6532\/revisions"}],"predecessor-version":[{"id":6919,"href":"https:\/\/kemoplastika.hr\/index.php\/wp-json\/wp\/v2\/pages\/6532\/revisions\/6919"}],"wp:attachment":[{"href":"https:\/\/kemoplastika.hr\/index.php\/wp-json\/wp\/v2\/media?parent=6532"}],"curies":[{"name":"wp","href":"https:\/\/api.w.org\/{rel}","templated":true}]}}